{"id":6457,"date":"2025-03-15T00:34:38","date_gmt":"2025-03-15T00:34:38","guid":{"rendered":"https:\/\/dev.obdwelt.de\/produkt\/autel-g-box2-auto-smart-key-programming-immo-scanner-for-mercedes-benz\/"},"modified":"2025-03-15T00:34:38","modified_gmt":"2025-03-15T00:34:38","slug":"autel-g-box2-auto-smart-key-programming-immo-scanner-for-mercedes-benz","status":"publish","type":"product","link":"https:\/\/dev.obdwelt.de\/en\/produkt\/autel-g-box2-auto-smart-key-programming-immo-scanner-for-mercedes-benz\/","title":{"rendered":"Autel G-Box2 Auto Smart Key Programming IMMO Scanner for Mercedes-Benz"},"content":{"rendered":"<h3><strong>Autel G-Box \u2013 Professional accessory tool for Mercedes-Benz and BMW<\/strong><\/h3>\n<p data-start=\"243\" data-end=\"701\">Die <strong data-start=\"247\" data-end=\"262\">Autel G-Box<\/strong> ist ein unverzichtbares Spezialwerkzeug f\u00fcr Profis, die mit <strong data-start=\"323\" data-end=\"381\">Mercedes-Benz Fahrzeugen mit DAS3 CAN EIS\/EZS-Systemen<\/strong> arbeiten \u2013 insbesondere, wenn alle Schl\u00fcssel verloren gegangen sind. Sie beschleunigt die Passwortberechnung und das Lesen von Steuerger\u00e4tedaten erheblich. Dar\u00fcber hinaus bietet die G-Box Unterst\u00fctzung f\u00fcr <strong data-start=\"588\" data-end=\"627\">BMW DME\/DDE ISN-Daten im Boot-Modus<\/strong> und ist damit die perfekte Erg\u00e4nzung f\u00fcr Werkst\u00e4tten und Kfz-Schlosser.  <\/p>\n<hr data-start=\"703\" data-end=\"706\">\n<h2 data-start=\"708\" data-end=\"744\"><strong data-start=\"711\" data-end=\"744\">Key features of the Autel G-Box<\/strong><\/h2>\n<ul data-start=\"745\" data-end=\"1360\">\n<li data-start=\"745\" data-end=\"908\">\n<p data-start=\"747\" data-end=\"908\">\u2714 <strong data-start=\"749\" data-end=\"800\">Faster password calculation for Mercedes-Benz<\/strong><br data-start=\"800\" data-end=\"803\">\u2022 8\u00d7 faster for EIS models such as W172, W204, W207<br data-start=\"856\" data-end=\"859\">\u2022 4\u00d7 faster for EIS models such as W209, W211<\/p>\n<\/li>\n<li data-start=\"909\" data-end=\"999\">\n<p data-start=\"911\" data-end=\"999\">\u2714 <strong data-start=\"913\" data-end=\"962\">No repeated use of the IR simulator<\/strong> (e.g., W164\/-2008, W251\/-2008)<\/p>\n<\/li>\n<li data-start=\"1000\" data-end=\"1100\">\n<p data-start=\"1002\" data-end=\"1100\">\u2714 <strong data-start=\"1004\" data-end=\"1051\">Direct key programming on the vehicle <\/strong>\u2013 without removing the EIS in most models<\/p>\n<\/li>\n<li data-start=\"1101\" data-end=\"1184\">\n<p data-start=\"1103\" data-end=\"1184\">\u2714 <strong data-start=\"1105\" data-end=\"1126\">BMW support<\/strong> \u2013 read &amp; write DME\/DDE ISN data in boot mode<\/p>\n<\/li>\n<li data-start=\"1185\" data-end=\"1266\">\n<p data-start=\"1187\" data-end=\"1266\">\u2714 <strong data-start=\"1189\" data-end=\"1264\">Compatibility with 23 Bosch and 6 Siemens\/Continental engine control units<\/strong><\/p>\n<\/li>\n<li data-start=\"1267\" data-end=\"1360\">\n<p data-start=\"1269\" data-end=\"1360\">\u2714 <strong data-start=\"1271\" data-end=\"1302\">Time savings of over 85%<\/strong> when reading ECU data from W204 and W207 EIS<\/p>\n<\/li>\n<\/ul>\n<hr data-start=\"1362\" data-end=\"1365\">\n<h2 data-start=\"1367\" data-end=\"1388\"><strong data-start=\"1370\" data-end=\"1388\">Compatibility<\/strong><\/h2>\n<ul data-start=\"1389\" data-end=\"1588\">\n<li data-start=\"1389\" data-end=\"1461\">\n<p data-start=\"1391\" data-end=\"1461\">Works with <strong data-start=\"1408\" data-end=\"1438\">Autel MaxiIM IM608 &amp; IM508<\/strong> (XP400 required)<\/p>\n<\/li>\n<li data-start=\"1462\" data-end=\"1520\">\n<p data-start=\"1464\" data-end=\"1520\">Also supports <strong data-start=\"1481\" data-end=\"1508\">Auro IM600 &amp; Auro IM100<\/strong> with XP400<\/p>\n<\/li>\n<li data-start=\"1521\" data-end=\"1588\">\n<p data-start=\"1523\" data-end=\"1588\">Suitable for Mercedes-Benz models with <strong data-start=\"1562\" data-end=\"1586\">DAS3 EIS\/EZS from 2009 onwards<\/strong><\/p>\n<\/li>\n<\/ul>\n<hr data-start=\"1590\" data-end=\"1593\">\n<h2 data-start=\"1595\" data-end=\"1620\"><strong data-start=\"1598\" data-end=\"1620\">Technische Details<\/strong><\/h2>\n<ul data-start=\"1621\" data-end=\"1942\">\n<li data-start=\"1621\" data-end=\"1659\">\n<p data-start=\"1623\" data-end=\"1659\">DC port: +12V power supply<\/p>\n<\/li>\n<li data-start=\"1660\" data-end=\"1713\">\n<p data-start=\"1662\" data-end=\"1713\">CAN-H &amp; CAN-L: Universal CAN bus interfaces<\/p>\n<\/li>\n<li data-start=\"1714\" data-end=\"1772\">\n<p data-start=\"1716\" data-end=\"1772\">K1 &amp; K7 ports: Universal K-Line interfaces<\/p>\n<\/li>\n<li data-start=\"1773\" data-end=\"1820\">\n<p data-start=\"1775\" data-end=\"1820\">Status indicator: Displays the current operating status<\/p>\n<\/li>\n<li data-start=\"1821\" data-end=\"1876\">\n<p data-start=\"1823\" data-end=\"1876\">OBDII port: Connection to the vehicle\u2019s OBDII port<\/p>\n<\/li>\n<li data-start=\"1877\" data-end=\"1942\">\n<p data-start=\"1879\" data-end=\"1942\">DB15 port: For reading and writing ECUs via dedicated cables<\/p>\n<\/li>\n<\/ul>\n<hr data-start=\"1944\" data-end=\"1947\">\n<h2 data-start=\"1949\" data-end=\"1974\"><strong data-start=\"1952\" data-end=\"1974\">Applications<\/strong><\/h2>\n<h3 data-start=\"1975\" data-end=\"2001\"><strong data-start=\"1979\" data-end=\"1999\">1. OBDII operation<\/strong><\/h3>\n<p data-start=\"2002\" data-end=\"2097\">Ideal for situations when <strong data-start=\"2030\" data-end=\"2063\">all keys are lost<\/strong> (e.g., W204, W207, W216, W164).<\/p>\n<ul data-start=\"2098\" data-end=\"2327\">\n<li data-start=\"2098\" data-end=\"2132\">\n<p data-start=\"2100\" data-end=\"2132\">Connect the G-Box to the OBDII port<\/p>\n<\/li>\n<li data-start=\"2133\" data-end=\"2209\">\n<p data-start=\"2135\" data-end=\"2209\">Remove the EIS fuse &amp; connect the relay terminals with the fuse cable<\/p>\n<\/li>\n<li data-start=\"2210\" data-end=\"2284\">\n<p data-start=\"2212\" data-end=\"2284\">For older vehicles: connect the K7 &amp; ELV connectors with the K-Line cable<\/p>\n<\/li>\n<li data-start=\"2285\" data-end=\"2327\">\n<p data-start=\"2287\" data-end=\"2327\">Pair the G-Box with the Autel diagnostic tablet<\/p>\n<\/li>\n<\/ul>\n<h3 data-start=\"2329\" data-end=\"2357\"><strong data-start=\"2333\" data-end=\"2355\">2. Desktop operation<\/strong><\/h3>\n<p data-start=\"2358\" data-end=\"2426\">For all Mercedes-Benz EIS models supported by the Autel tablet.<\/p>\n<ul data-start=\"2427\" data-end=\"2553\">\n<li data-start=\"2427\" data-end=\"2470\">\n<p data-start=\"2429\" data-end=\"2470\">Connect the G-Box to the EIS with the DB15 cable<\/p>\n<\/li>\n<li data-start=\"2471\" data-end=\"2502\">\n<p data-start=\"2473\" data-end=\"2502\">Connect the 12V DC power supply<\/p>\n<\/li>\n<li data-start=\"2503\" data-end=\"2553\">\n<p data-start=\"2505\" data-end=\"2553\">Establish connection with the Autel diagnostic tablet<\/p>\n<\/li>\n<\/ul>\n<hr data-start=\"2555\" data-end=\"2558\">\n<h2 data-start=\"2560\" data-end=\"2581\"><strong data-start=\"2563\" data-end=\"2581\">Package Contents<\/strong><\/h2>\n<ul data-start=\"2582\" data-end=\"2727\">\n<li data-start=\"2582\" data-end=\"2616\">\n<p data-start=\"2584\" data-end=\"2616\">1\u00d7 Autel G-Box accessory tool<\/p>\n<\/li>\n<li data-start=\"2617\" data-end=\"2634\">\n<p data-start=\"2619\" data-end=\"2634\">1\u00d7 clamp cable<\/p>\n<\/li>\n<li data-start=\"2635\" data-end=\"2654\">\n<p data-start=\"2637\" data-end=\"2654\">1\u00d7 K-Line cable<\/p>\n<\/li>\n<li data-start=\"2655\" data-end=\"2677\">\n<p data-start=\"2657\" data-end=\"2677\">1\u00d7 fuse cable<\/p>\n<\/li>\n<li data-start=\"2678\" data-end=\"2709\">\n<p data-start=\"2680\" data-end=\"2709\">1\u00d7 OBDII extension cable<\/p>\n<\/li>\n<li data-start=\"2710\" data-end=\"2727\">\n<p data-start=\"2712\" data-end=\"2727\">1\u00d7 DB15 cable<\/p>\n<\/li>\n<\/ul>\n<hr data-start=\"2729\" data-end=\"2732\">\n<h2 data-start=\"2734\" data-end=\"2785\"><strong data-start=\"2737\" data-end=\"2785\">Why buy the Autel G-Box at OBDWelt.de?<\/strong><\/h2>\n<p data-start=\"2786\" data-end=\"2921\">OBDWelt.de is the <strong data-start=\"2805\" data-end=\"2842\">official online shop of the Zentrya company<\/strong> \u2013 your partner for professional diagnostic devices, accessories, and software.<\/p>\n<ul data-start=\"2923\" data-end=\"3078\">\n<li data-start=\"2923\" data-end=\"2958\">\n<p data-start=\"2925\" data-end=\"2958\">\u2705 100% original Autel products<\/p>\n<\/li>\n<li data-start=\"2959\" data-end=\"3015\">\n<p data-start=\"2961\" data-end=\"3015\">\u2705 Fast delivery within Germany &amp; the EU<\/p>\n<\/li>\n<li data-start=\"3016\" data-end=\"3078\">\n<p data-start=\"3018\" data-end=\"3078\">\u2705 Expert advice &amp; technical support from professionals<\/p>\n<\/li>\n<\/ul>\n<hr data-start=\"3080\" data-end=\"3083\">\n<p data-start=\"3085\" data-end=\"3283\">\ud83d\udc49 <strong data-start=\"3088\" data-end=\"3142\">Order the Autel G-Box now at OBDWelt.de<\/strong> and benefit from the expertise of the<strong data-start=\"3185\" data-end=\"3215\"> Zentrya Group<\/strong> \u2013 your reliable source for professional vehicle diagnostics.<\/p>\n","protected":false},"excerpt":{"rendered":"<p>Autel G-Box \u2013 Professional accessory tool for Mercedes-Benz and BMW Die Autel G-Box ist ein unverzichtbares Spezialwerkzeug f\u00fcr Profis, die mit Mercedes-Benz Fahrzeugen mit DAS3 CAN EIS\/EZS-Systemen arbeiten \u2013 insbesondere, wenn alle Schl\u00fcssel verloren gegangen sind. Sie beschleunigt die Passwortberechnung und das Lesen von Steuerger\u00e4tedaten erheblich. Dar\u00fcber hinaus bietet die G-Box Unterst\u00fctzung f\u00fcr BMW DME\/DDE [&hellip;]<\/p>\n","protected":false},"featured_media":6452,"comment_status":"open","ping_status":"closed","template":"","meta":[],"product_brand":[294],"product_cat":[434,433],"product_tag":[],"class_list":{"0":"post-6457","1":"product","2":"type-product","3":"status-publish","4":"has-post-thumbnail","6":"product_brand-autel","7":"product_cat-autel","8":"product_cat-key-programmer","10":"first","11":"instock","12":"shipping-taxable","13":"purchasable","14":"product-type-simple"},"_links":{"self":[{"href":"https:\/\/dev.obdwelt.de\/en\/wp-json\/wp\/v2\/product\/6457","targetHints":{"allow":["GET"]}}],"collection":[{"href":"https:\/\/dev.obdwelt.de\/en\/wp-json\/wp\/v2\/product"}],"about":[{"href":"https:\/\/dev.obdwelt.de\/en\/wp-json\/wp\/v2\/types\/product"}],"replies":[{"embeddable":true,"href":"https:\/\/dev.obdwelt.de\/en\/wp-json\/wp\/v2\/comments?post=6457"}],"wp:featuredmedia":[{"embeddable":true,"href":"https:\/\/dev.obdwelt.de\/en\/wp-json\/wp\/v2\/media\/6452"}],"wp:attachment":[{"href":"https:\/\/dev.obdwelt.de\/en\/wp-json\/wp\/v2\/media?parent=6457"}],"wp:term":[{"taxonomy":"product_brand","embeddable":true,"href":"https:\/\/dev.obdwelt.de\/en\/wp-json\/wp\/v2\/product_brand?post=6457"},{"taxonomy":"product_cat","embeddable":true,"href":"https:\/\/dev.obdwelt.de\/en\/wp-json\/wp\/v2\/product_cat?post=6457"},{"taxonomy":"product_tag","embeddable":true,"href":"https:\/\/dev.obdwelt.de\/en\/wp-json\/wp\/v2\/product_tag?post=6457"}],"curies":[{"name":"wp","href":"https:\/\/api.w.org\/{rel}","templated":true}]}}