{"id":4774,"date":"2025-03-15T00:30:19","date_gmt":"2025-03-15T00:30:19","guid":{"rendered":"https:\/\/dev.obdwelt.de\/?post_type=product&#038;p=4774"},"modified":"2025-07-04T12:12:08","modified_gmt":"2025-07-04T12:12:08","slug":"autel-maxipro-mp808bt-pro-kit-obd-diagnosegeraet-2023","status":"publish","type":"product","link":"https:\/\/dev.obdwelt.de\/en\/produkt\/autel-maxipro-mp808bt-pro-kit-obd-diagnosegeraet-2023\/","title":{"rendered":"Autel MaxiPRO MP808BT-Pro Kit OBD Diagnoseger\u00e4t 2023"},"content":{"rendered":"<h1><strong>Autel MaxiPRO MP808BT-Pro Kit 2023 Upgrade<\/strong><\/h1>\n<p><strong>Videoanleitung ersteinrichtung<\/strong><\/p>\n<p><a href=\"https:\/\/www.youtube.com\/watch?v=ocL5V2SYuO4&amp;t=687s\">https:\/\/www.youtube.com\/watch?v=ocL5V2SYuO4&amp;t=687s<\/a><\/p>\n<p>&nbsp;<\/p>\n<p><u>2023 Neuestes KFZ-Diagnoseger\u00e4t MP808BT Pro Kit Upgrade funktioniert mit einer Bluetooth-Verbindung und hat genau die gleichen Diagnosefunktionen wie MS906, und wird mit 11 zus\u00e4tzlichen OBD-Anschl\u00fcssen geliefert. <\/u><\/p>\n<p><strong>\u00a0<\/strong><\/p>\n<h3><strong>Vorteile des Autel MaxiPRO MP808BT-Pro Kit<\/strong><\/h3>\n<p>Keine IP-Beschr\u00e4nkung &#8211; Sie k\u00f6nnen MP808BT in jeder Region verwenden. 1-Jahr kostenlose Software-Updates.<\/p>\n<p>&nbsp;<\/p>\n<p><strong>Wichtig!<\/strong> Das Ger\u00e4t funktioniert auch ohne die Erweiterung der Update Lizenz weiterhin ohne Einschr\u00e4nkungen.<\/p>\n<p>Bluetooth-Verbindung &#8211; Im Vergleich zu kabelgebundenen Scanner MP808\/DS808, MaxiPro MP808BT-Pro unterst\u00fctzt 10m drahtlose Bluetooth-Verbindung.<\/p>\n<p><strong>Auto VIN\/Scan<\/strong> \u2013 Das Autel MP808BT- Pro Kit erkennt automatisch Marke, Modell und Herstellungsjahr auf Knopfdruck.<\/p>\n<ol>\n<li><strong>Oil Reset<\/strong> &#8211; Setzen Sie den \u00d6lwechselrechner im Motor zur\u00fcck<\/li>\n<li><strong>EPB<\/strong> &#8211; Austausch von Bremsbel\u00e4gen bei Fahrzeugen mit elektrischer Feststellbremse<\/li>\n<li><strong>SAS<\/strong> &#8211; Anpassung des Sensors an die Winkelstellung des Lenkrads<\/li>\n<li><strong>DPF<\/strong> &#8211; Regeneration des Dieselpartikelfilters<\/li>\n<li><strong>Bremsentl\u00fcftung<\/strong> &#8211; ABS-Bremsentl\u00fcftung<\/li>\n<li><strong>BMS<\/strong> &#8211; Batterieregistrierung und Reset<\/li>\n<\/ol>\n<p>&nbsp;<\/p>\n<p>Der Autel MaxiPRO MP808BT-Scanner verf\u00fcgt \u00fcber eine erweiterte bidirektionale Steuerfunktion (Stellglied Test).<\/p>\n<p>Wie ABS, Fenster, T\u00fcren , Relais, Schalter, Ventile, Schiebedach, Scheinwerfer usw.<\/p>\n<p>Die Online-ECU-Codierung erm\u00f6glicht Ihnen den Zugriff auf Online-Daten vom OEM-Server nur f\u00fcr Peugeot, Citroen.<\/p>\n<h3><strong>Breitere Fahrzeugabdeckung<\/strong><\/h3>\n<p>Das Autel MP808BT-Diagnosescanner-Tool verf\u00fcgt \u00fcber eine breite Fahrzeugabdeckung von mehr als 80 US-Amerikanischen, asiatischen und europ\u00e4ischen Fahrzeugmarken.<\/p>\n<h3><strong>\u00a0<\/strong><\/h3>\n<p><strong>Betriebssystem:<\/strong> Android 11<\/p>\n<p><strong>Prozessor:<\/strong> Cortex-A55-Quad-Core-Prozessor (1,8 GHz)<\/p>\n<p><strong>Speicherkapazit\u00e4t:<\/strong> 64 GB<\/p>\n<p><strong>Anzeige:<\/strong> Kapazitiver 7-Zoll-LCD-Touchscreen mit einer Aufl\u00f6sung von 1024 x 600<\/p>\n<p><strong>Konnektivit\u00e4t:<\/strong> Mini-USB 2.0, USB 2.0, Wi-Fi, Micro-SD-Karte (unterst\u00fctzt bis zu 32 GB)<\/p>\n<p><strong>Leistung und Batterie:<\/strong> 3,7 V\/5000 mAh Lithium-Polymer-Akku (Aufladung \u00fcber 5 VDC Netzteil)<\/p>\n<p><strong>Akkulaufzeit:<\/strong> Etwa 4,5 Stunden Dauerbetrieb<\/p>\n<h3><strong>\u00a0<\/strong><\/h3>\n<h3><strong>Unterst\u00fctzte Sprachen<\/strong><\/h3>\n<p>Deutsch, Englisch, Franz\u00f6sisch, Spanisch, Russisch, Portugiesisch, Polnisch, Italienisch, Schwedisch, Niederl\u00e4ndisch usw.<\/p>\n<h3><strong>\u00a0<\/strong><\/h3>\n<h3><strong>Lieferumfang<\/strong><\/h3>\n<ul>\n<li>1x MaxiPro MP808 BT Pro Kit<\/li>\n<li>1x Netzteil<\/li>\n<li>1x Mini-USB-Kabel<\/li>\n<li>1x Hauptkabel<\/li>\n<li>1x Packliste<\/li>\n<li>1x Kurzanleitung<\/li>\n<li>Adapter f\u00fcr Mercedes -Benz-14 (f\u00fcr EU-Version) (Optional)<\/li>\n<li>Adapter f\u00fcr Chrysler-16 (f\u00fcr US-Version) (optional)<\/li>\n<li>Adapter f\u00fcr BMW-20 (optional)<\/li>\n<li>Adapter f\u00fcr Kia-20 (optional)<\/li>\n<li>Adapter f\u00fcr Nissan-14 (optional)<\/li>\n<li>Adapter f\u00fcr GM\/Daewoo-12 (optional)<\/li>\n<li>Adapter f\u00fcr Honda-3 (optional)<\/li>\n<li>Adapter f\u00fcr VW\/AUDI-2+2 (optional)<\/li>\n<li>Adapter f\u00fcr Mitsubishi\/Hyundai-12+16 (optional)<\/li>\n<li>Adapter f\u00fcr Benz-38 (optional)<\/li>\n<li>Adapter f\u00fcr PSA-2 (optional)<\/li>\n<li>Adapter f\u00fcr Fiat-3 (optional)<\/li>\n<\/ul>\n<p>&nbsp;<\/p>\n<p>&nbsp;<\/p>\n<p>Fahrzeugabdeckung:<\/p>\n<p><a href=\"https:\/\/autel.com\/vehicle-coverage\/coverage2\">https:\/\/autel.com\/vehicle-coverage\/coverage2<\/a><\/p>\n<p>&nbsp;<\/p>\n","protected":false},"excerpt":{"rendered":"<p>Autel MaxiPRO MP808BT-Pro Kit 2023 Upgrade Videoanleitung ersteinrichtung https:\/\/www.youtube.com\/watch?v=ocL5V2SYuO4&amp;t=687s &nbsp; 2023 Neuestes KFZ-Diagnoseger\u00e4t MP808BT Pro Kit Upgrade funktioniert mit einer Bluetooth-Verbindung und hat genau die gleichen Diagnosefunktionen wie MS906, und wird mit 11 zus\u00e4tzlichen OBD-Anschl\u00fcssen geliefert. \u00a0 Vorteile des Autel MaxiPRO MP808BT-Pro Kit Keine IP-Beschr\u00e4nkung &#8211; Sie k\u00f6nnen MP808BT in jeder Region verwenden. 1-Jahr kostenlose [&hellip;]<\/p>\n","protected":false},"featured_media":3267,"comment_status":"open","ping_status":"closed","template":"","meta":[],"product_brand":[294],"product_cat":[331],"product_tag":[],"class_list":{"0":"post-4774","1":"product","2":"type-product","3":"status-publish","4":"has-post-thumbnail","6":"product_brand-autel","7":"product_cat-diagnosegerate-autel","9":"first","10":"instock","11":"shipping-taxable","12":"purchasable","13":"product-type-simple"},"_links":{"self":[{"href":"https:\/\/dev.obdwelt.de\/en\/wp-json\/wp\/v2\/product\/4774","targetHints":{"allow":["GET"]}}],"collection":[{"href":"https:\/\/dev.obdwelt.de\/en\/wp-json\/wp\/v2\/product"}],"about":[{"href":"https:\/\/dev.obdwelt.de\/en\/wp-json\/wp\/v2\/types\/product"}],"replies":[{"embeddable":true,"href":"https:\/\/dev.obdwelt.de\/en\/wp-json\/wp\/v2\/comments?post=4774"}],"wp:featuredmedia":[{"embeddable":true,"href":"https:\/\/dev.obdwelt.de\/en\/wp-json\/wp\/v2\/media\/3267"}],"wp:attachment":[{"href":"https:\/\/dev.obdwelt.de\/en\/wp-json\/wp\/v2\/media?parent=4774"}],"wp:term":[{"taxonomy":"product_brand","embeddable":true,"href":"https:\/\/dev.obdwelt.de\/en\/wp-json\/wp\/v2\/product_brand?post=4774"},{"taxonomy":"product_cat","embeddable":true,"href":"https:\/\/dev.obdwelt.de\/en\/wp-json\/wp\/v2\/product_cat?post=4774"},{"taxonomy":"product_tag","embeddable":true,"href":"https:\/\/dev.obdwelt.de\/en\/wp-json\/wp\/v2\/product_tag?post=4774"}],"curies":[{"name":"wp","href":"https:\/\/api.w.org\/{rel}","templated":true}]}}