{"id":4766,"date":"2025-03-15T00:30:18","date_gmt":"2025-03-15T00:30:18","guid":{"rendered":"https:\/\/dev.obdwelt.de\/?post_type=product&#038;p=4766"},"modified":"2025-07-04T12:25:59","modified_gmt":"2025-07-04T12:25:59","slug":"neu-autel-maxicom-mk808bt-pro-2024","status":"publish","type":"product","link":"https:\/\/dev.obdwelt.de\/en\/produkt\/neu-autel-maxicom-mk808bt-pro-2024\/","title":{"rendered":"NEU! Autel MaxiCOM MK808BT PRO 2024"},"content":{"rendered":"<p>&nbsp;<\/p>\n<h1><strong>Autel MaxiCOM MK808BT PRO<br \/>\n<\/strong><\/h1>\n<p><strong>Videoanleitung ersteinrichtung<\/strong><\/p>\n<p><a href=\"https:\/\/www.youtube.com\/watch?v=ocL5V2SYuO4&amp;t=687s\">https:\/\/www.youtube.com\/watch?v=ocL5V2SYuO4&amp;t=687s<\/a><\/p>\n<p>&nbsp;<\/p>\n<p>Autel MaxiCOM MK808BT PRO Kfz-Diagnosetool, als erweiterte Version von MX808, hat die F\u00e4higkeit, DTCs f\u00fcr alle verf\u00fcgbaren Module der meisten Marken und Modelle auf dem Markt schnell zu lesen und zu l\u00f6schen. Als professioneller Kfz-Diagnosescanner. Der Autoscanner MaxiCOM MK808BT PRO bietet Ihnen auch \u00fcberlegene Spezialfunktionen, einschlie\u00dflich \u00d6lr\u00fcckstellung, EPB, SAS, BMS, ABS-Bremsenentl\u00fcftung und DPF-Regeneration.<\/p>\n<p>&nbsp;<\/p>\n<h2><strong>Autel MaxiCOM MK808BT PRO OE-Level Alle Systemdiagnose<\/strong><\/h2>\n<p>Das Diagnosetool MK808BT kann drahtlos auf alle verf\u00fcgbaren Fahrzeugmodule zugreifen und diese diagnostizieren. Mit umfassenden Funktionen f\u00fcr Codes, Live-Daten und ECU-Info liest und l\u00f6scht es Codes auf allen ECUs und zeigt Live-Daten in Text, Grafik oder analog, \u00d6lr\u00fcckstellung, EPB, DPF-Regeneration, Einspritzd\u00fcsen einstellen, ECU-Informationen abrufen.<\/p>\n<p>&nbsp;<\/p>\n<h2><strong>Autel MaxiCOM MK808BT PRO <\/strong><strong>Spezielle Reset-Funktionen<\/strong><\/h2>\n<p>Als kabellose Upgrade-Diagnoseversion von MaxiCOM MK808 unterst\u00fctzt MK808BT PRO eine breite Palette von Sonderfunktionsdiensten, einschlie\u00dflich Oil Reset, EPB, SAS, BMS, DPF und viele mehr.<\/p>\n<ol>\n<li><strong>Oil Reset<\/strong> &#8211; Setzen Sie den \u00d6lwechselrechner im Motor und im Automatikgetriebe zur\u00fcck<\/li>\n<li><strong>EPB<\/strong> &#8211; Austausch von Bremsbel\u00e4gen bei Fahrzeugen mit elektrischer Feststellbremse<\/li>\n<li><strong>SAS<\/strong> &#8211; Anpassung des Sensors an die Winkelstellung des Lenkrads<\/li>\n<li><strong>DPF<\/strong> &#8211; Regeneration des Dieselpartikelfilters<\/li>\n<li><strong>Bremsentl\u00fcftung<\/strong> &#8211; ABS-Bremsentl\u00fcftung<\/li>\n<li><strong>BMS<\/strong> &#8211; Batterieregistrierung und Reset<\/li>\n<li>Sitze, Kilometerz\u00e4hler, Injektor, CHG-Reifengr\u00f6\u00dfe, TEC Learn, Federung, Gas, WIN OR ROOF, Sprachwechsel, Scheinwerfer.<\/li>\n<\/ol>\n<p>&#8230;&#8230;.<\/p>\n<p>&nbsp;<\/p>\n<h2><strong>Erweiterte Funktion<\/strong><\/h2>\n<h3><strong>Bidirektionale Steuerung<\/strong><\/h3>\n<p>Autel Scanner, MaxiCOM MK808BT PRO verf\u00fcgt \u00fcber eine erweiterte bidirektionale Steuerungsfunktion (aktiver Test), mit der Mechaniker die Integrit\u00e4t des Systems oder von Teilen bestimmen k\u00f6nnen, indem sie mit dem Werkzeug Befehle an ein Auto senden und die von ihm zur\u00fcckkommenden Daten lesen. Wie ABS, Fenster, T\u00fcr, Solenoide, Relais, Schalter, Ventile, Schiebedach, Scheinwerfer usw.<\/p>\n<p>&nbsp;<\/p>\n<h3><strong>Gef\u00fchrte Funktion<\/strong><\/h3>\n<p>Die gef\u00fchrten Funktionen zeichnen sich durch ihre einfache Bedienung aus. Eine gef\u00fchrte Funktion besteht aus mehreren Grundfunktionen, die Benutzer von Problemen wie dem Nachschlagen der Kanalnummer und des Anmeldecodes befreien. Jede gef\u00fchrte Funktion verf\u00fcgt \u00fcber eine detaillierte Betriebsf\u00fchrung und Betriebszustandserkl\u00e4rung.<\/p>\n<p>&nbsp;<\/p>\n<h3><strong>Aktivierung versteckter Funktionen von VW, Audi, Skoda<\/strong><\/h3>\n<p>Diese versteckten Funktionen sind in der Infrastruktur Ihres Autos vorhanden, sie wurden nicht werkseitig aktiviert. Wenn Sie die verborgene Funktion Ihres Fahrzeugs entsperren m\u00fcssen, kann Ihnen das drahtlose Diagnosetool Autel MK808BT dabei helfen, dies \u00fcber eine Remote-Computerverbindung zu erreichen. Ist leider nicht bei jedem Fahrzeug m\u00f6glich.<\/p>\n<p>&nbsp;<\/p>\n<h2><strong>Autel MaxiCOM MK808BT <\/strong><strong>Zus\u00e4tzliche Funktionen<\/strong><\/h2>\n<p>Technischer Fernsupport MK808BT PRO, mit dessen Hilfe die Techniker von <em>Autel<\/em> aus der Ferne auf den MaxiCOM MK808BT PRO-Diagnosescanner zugreifen k\u00f6nnen, was die Wartung von Diagnoseger\u00e4ten erheblich vereinfacht und die Bearbeitungszeit von Antr\u00e4gen verk\u00fcrzt.<\/p>\n<ol>\n<li><strong>Shop Manager<\/strong> \u2013 Mit einem Autel MK808BT PRO k\u00f6nnen Sie die Werkstattinformationen mit 3 verf\u00fcgbaren Funktionen innerhalb dieser Anwendung gut verwalten: Fahrzeughistorie, Werkstattinformationen und Kundenmanager. Schlagen Sie die zusammengefassten Details intuitiv nach.<\/li>\n<li><strong>Datenmanager<\/strong> \u2013 MaxiCOM MK808BT PRO bietet die beste L\u00f6sung f\u00fcr datenbezogene Vorg\u00e4nge, speichert Kunden- und Fahrzeugdatens\u00e4tze, Scannerdaten und Technikernotizen zur sp\u00e4teren \u00dcberpr\u00fcfung. Sie k\u00f6nnen die gespeicherten Dateien in Bild, PDF, Daten \u00fcberpr\u00fcfen und Apps speichern, drucken und \u00fcberpr\u00fcfen Deinstallieren oder Datenprotokollierung.<\/li>\n<li><strong>Remote Desk<\/strong> \u2013 Autel MaxiCOM MK808BT PRO Unterst\u00fctzt Remote Technical, Sie k\u00f6nnen Ad-hoc-Remote-Support direkt von Autel \u00fcber die Team Viewer-Software erhalten.<\/li>\n<\/ol>\n<p>&nbsp;<\/p>\n<p><strong>Keine IP-Beschr\u00e4nkung<\/strong> &#8211; Sie k\u00f6nnen MK808BT auf der ganzen Welt verwenden<\/p>\n<p><strong>OE-Level-Diagnose<\/strong> &#8211; MK808BT ist ein Kfz-Diagnosescanner, der auf alle verf\u00fcgbaren ECU-Module zugreifen kann. Und f\u00fchrt Diagnosen auf OE-Ebene durch<strong><br \/>\n<\/strong><\/p>\n<p><strong>Spezieller Reset-Service<\/strong>\u2013Scanner auf Werkstattebene, Autel MP808BT verf\u00fcgt \u00fcber 31 Servicefunktionsoptionen, haupts\u00e4chlich einschlie\u00dflich \u00d6l-Reset, EPB-Service, TPMS-ID-Neulernen, automatische ABS-Entl\u00fcftung, SAS-Kalibrierung, DPF-Regeneration usw.<\/p>\n<p><strong>Mehrsprachige Unterst\u00fctzung<\/strong> &#8211; Autel MaxiCOM MK808BT kann mehrere Arbeitssprachen umschalten, darunter Englisch, Deutsch, Franz\u00f6sisch, Spanisch, Russisch, Portugiesisch, Polnisch, Italienisch, Schwedisch, Niederl\u00e4ndisch<\/p>\n<p><strong>Bluetooth-Verbindung<\/strong> &#8211; Autel MK808BT bietet einen breiteren Einsatzbereich und eine stabilere Verbindung, w\u00e4hrend das MK808 \/ MX808 dies nicht kann<\/p>\n<p><strong>1 Jahr kostenloses Software-Update<\/strong> \u2013 Nachdem Sie sich registriert und angemeldet haben, k\u00f6nnen Sie ein Jahr lang ein kostenloses Software-Upgrade genie\u00dfen. Wenn Sie sich nach einem Jahr nicht daf\u00fcr entscheiden, den Upgrade-Service weiterhin zu erwerben, hat dies keine Auswirkungen auf die normale Nutzung des Ger\u00e4ts<\/p>\n<p><strong>\u00a0<\/strong><\/p>\n<p><strong>Unterschied MK808BT zum MK808BT PRO:<\/strong><\/p>\n<p>&nbsp;<\/p>\n<p>1. Die Betriebssystemversion wird von Android\u2122 4.4.4, KitKat auf Android 11 aktualisiert<\/p>\n<p>2. Der Prozessor wird vom Cortex-A9-Prozessor (1,6 GHz) auf den Cortex-A55-Quad-Core-Prozessor (1,8 GHz) aufger\u00fcstet.<\/p>\n<p>3. RAM wird von 1 GB auf 4 GB aufger\u00fcstet.<\/p>\n<p>&nbsp;<\/p>\n<p><strong>Hinweis:<\/strong> Die Standardsprache des Ger\u00e4ts ist Englisch. Wenn Sie zu einer anderen Sprache wechseln m\u00f6chten, senden Sie uns nur die S\/N ( <strong>Seriennummer<\/strong> ), wir \u00e4ndern die Ger\u00e4tesprache f\u00fcr Sie online innerhalb von 8 Stunden.<\/p>\n<p>&nbsp;<\/p>\n<p>&nbsp;<\/p>\n","protected":false},"excerpt":{"rendered":"<p>&nbsp; Autel MaxiCOM MK808BT PRO Videoanleitung ersteinrichtung https:\/\/www.youtube.com\/watch?v=ocL5V2SYuO4&amp;t=687s &nbsp; Autel MaxiCOM MK808BT PRO Kfz-Diagnosetool, als erweiterte Version von MX808, hat die F\u00e4higkeit, DTCs f\u00fcr alle verf\u00fcgbaren Module der meisten Marken und Modelle auf dem Markt schnell zu lesen und zu l\u00f6schen. Als professioneller Kfz-Diagnosescanner. Der Autoscanner MaxiCOM MK808BT PRO bietet Ihnen auch \u00fcberlegene Spezialfunktionen, einschlie\u00dflich [&hellip;]<\/p>\n","protected":false},"featured_media":3237,"comment_status":"open","ping_status":"closed","template":"","meta":[],"product_brand":[294],"product_cat":[331],"product_tag":[],"class_list":{"0":"post-4766","1":"product","2":"type-product","3":"status-publish","4":"has-post-thumbnail","6":"product_brand-autel","7":"product_cat-diagnosegerate-autel","9":"first","10":"instock","11":"shipping-taxable","12":"purchasable","13":"product-type-simple"},"_links":{"self":[{"href":"https:\/\/dev.obdwelt.de\/en\/wp-json\/wp\/v2\/product\/4766","targetHints":{"allow":["GET"]}}],"collection":[{"href":"https:\/\/dev.obdwelt.de\/en\/wp-json\/wp\/v2\/product"}],"about":[{"href":"https:\/\/dev.obdwelt.de\/en\/wp-json\/wp\/v2\/types\/product"}],"replies":[{"embeddable":true,"href":"https:\/\/dev.obdwelt.de\/en\/wp-json\/wp\/v2\/comments?post=4766"}],"wp:featuredmedia":[{"embeddable":true,"href":"https:\/\/dev.obdwelt.de\/en\/wp-json\/wp\/v2\/media\/3237"}],"wp:attachment":[{"href":"https:\/\/dev.obdwelt.de\/en\/wp-json\/wp\/v2\/media?parent=4766"}],"wp:term":[{"taxonomy":"product_brand","embeddable":true,"href":"https:\/\/dev.obdwelt.de\/en\/wp-json\/wp\/v2\/product_brand?post=4766"},{"taxonomy":"product_cat","embeddable":true,"href":"https:\/\/dev.obdwelt.de\/en\/wp-json\/wp\/v2\/product_cat?post=4766"},{"taxonomy":"product_tag","embeddable":true,"href":"https:\/\/dev.obdwelt.de\/en\/wp-json\/wp\/v2\/product_tag?post=4766"}],"curies":[{"name":"wp","href":"https:\/\/api.w.org\/{rel}","templated":true}]}}