{"id":4765,"date":"2025-03-15T00:30:18","date_gmt":"2025-03-15T00:30:18","guid":{"rendered":"https:\/\/dev.obdwelt.de\/?post_type=product&#038;p=4765"},"modified":"2025-07-18T23:23:46","modified_gmt":"2025-07-18T23:23:46","slug":"topdon-tp48-rdks-tool","status":"publish","type":"product","link":"https:\/\/dev.obdwelt.de\/en\/produkt\/topdon-tp48-rdks-tool\/","title":{"rendered":"TOPDON TP48 RDKS TOOL"},"content":{"rendered":"<p><strong>TOPDON TP48 RDKS-Diagnosetool<\/strong> \u2013 Vielseitigkeit und Pr\u00e4zision f\u00fcr RDKS-Sensoren<\/p>\n<p>Das <strong>TOPDON TP48 RDKS Tool<\/strong> bietet eine umfassende L\u00f6sung zur Aktivierung, Diagnose und Wartung von OEM RDKS-Sensoren. Mit erweiterten Softwarefunktionen wie <strong>OBDII-F\u00e4higkeiten<\/strong>, <strong>OBDII-Wiederanlernverfahren<\/strong> und <strong>Sync ID<\/strong> hebt sich dieses Ger\u00e4t von seinem Vorg\u00e4nger TP47 ab. Dar\u00fcber hinaus erm\u00f6glicht es die <strong>Entriegelung von Steuerger\u00e4ten<\/strong>, <strong>Plakettenanpassung<\/strong> sowie das Abrufen von Fahrzeug-IDs aus dem Steuerger\u00e4t. Die breite Kompatibilit\u00e4t macht das TP48 zum idealen Werkzeug, um eine Vielzahl von Kundenanforderungen mit nur einem Ger\u00e4t zu erf\u00fcllen.<\/p>\n<p>Techniker k\u00f6nnen dank zuverl\u00e4ssiger Daten wie Sensor-IDs, Druck, Temperatur, Batteriestatus und mehr pr\u00e4zise Diagnosen und Wartungen durchf\u00fchren.<\/p>\n<p><strong>Hauptfunktionen:<\/strong><\/p>\n<ul>\n<li><strong>98,6 % Abdeckung<\/strong> bei RDKS-Lernverfahren.<\/li>\n<li><strong>Triggert und diagnostiziert 100 % der OE-Sensoren<\/strong>.<\/li>\n<li><strong>Programmiert \u00fcber 20 Sensormarken<\/strong>, darunter Schrader EZ-Sensor, Alligator Sens.it, und mehr.<\/li>\n<li><strong>OBDII-Wiederanlernen<\/strong>, <strong>Steuerger\u00e4te-Entriegelung<\/strong> und <strong>Plaketten-Einstellung<\/strong>.<\/li>\n<li>\u00dcber <strong>15 verschiedene RDKS-Funktionen<\/strong>.<\/li>\n<li><strong>Part# Lookup<\/strong> und viele weitere Funktionen.<\/li>\n<\/ul>\n<p><strong>Kompatibilit\u00e4t:<\/strong><\/p>\n<p>Das TP48 ist kompatibel mit Sensormarken wie Alligator Sens.it, Schrader EZ-Sensor, BHSENS IntelliSens, Hamaton U-Pro, REDI Sensor und vielen weiteren.<\/p>\n<p><strong>Technische Spezifikationen:<\/strong><\/p>\n<ul>\n<li><strong>Bildschirm<\/strong>: 2,8-Zoll Farb-LCD.<\/li>\n<li><strong>Batterie<\/strong>: 3000mAh wiederaufladbare Lithium-Polymer-Batterie (ca. 300 Aktivierungen pro Ladung).<\/li>\n<li><strong>Schutzgeh\u00e4use<\/strong>: Robustes Gummigeh\u00e4use.<\/li>\n<li><strong>Temperaturbereich<\/strong>: Betrieb von -20\u00b0C bis +55\u00b0C, Lagerung von -40\u00b0C bis +60\u00b0C.<\/li>\n<li><strong>Frequenz<\/strong>: 315 und 433 MHz.<\/li>\n<li><strong>Abmessungen<\/strong>: 17,4 cm x 9,7 cm x 3,6 cm, Gewicht 0,45 kg (mit Gummigeh\u00e4use).<\/li>\n<li><strong>Mehrsprachiges Men\u00fc<\/strong>: 23 Sprachen, darunter Deutsch, Englisch, Franz\u00f6sisch, Spanisch, Kroatisch und viele mehr.<\/li>\n<\/ul>\n<p><strong>Lieferumfang:<\/strong><\/p>\n<ul>\n<li>TP48 RDKS-Werkzeug<\/li>\n<li>OBDII-Kabel<\/li>\n<li>USB-Kabel &amp; Ladeger\u00e4t<\/li>\n<li>QuickStart-Anleitung<\/li>\n<\/ul>\n<p><strong>Garantie &amp; Updates:<\/strong><\/p>\n<ul>\n<li><strong>1 Jahr Garantie<\/strong><\/li>\n<li><strong>5 Jahre kostenlose Updates<\/strong> inklusive<\/li>\n<\/ul>\n<p>Mit dem <strong>TOPDON TP48<\/strong> erhalten Sie ein robustes, vielseitiges Werkzeug, das Ihre Arbeit effizienter macht, indem es die Wartung und Diagnose von RDKS-Sensoren erleichtert.<\/p>\n","protected":false},"excerpt":{"rendered":"<p>TOPDON TP48 RDKS-Diagnosetool \u2013 Vielseitigkeit und Pr\u00e4zision f\u00fcr RDKS-Sensoren Das TOPDON TP48 RDKS Tool bietet eine umfassende L\u00f6sung zur Aktivierung, Diagnose und Wartung von OEM RDKS-Sensoren. Mit erweiterten Softwarefunktionen wie OBDII-F\u00e4higkeiten, OBDII-Wiederanlernverfahren und Sync ID hebt sich dieses Ger\u00e4t von seinem Vorg\u00e4nger TP47 ab. Dar\u00fcber hinaus erm\u00f6glicht es die Entriegelung von Steuerger\u00e4ten, Plakettenanpassung sowie das [&hellip;]<\/p>\n","protected":false},"featured_media":3235,"comment_status":"open","ping_status":"closed","template":"","meta":[],"product_brand":[293],"product_cat":[93,329],"product_tag":[],"class_list":{"0":"post-4765","1":"product","2":"type-product","3":"status-publish","4":"has-post-thumbnail","6":"product_brand-topdon","7":"product_cat-reifenservice","8":"product_cat-diagnosegerate-topdon","10":"first","11":"instock","12":"shipping-taxable","13":"purchasable","14":"product-type-simple"},"_links":{"self":[{"href":"https:\/\/dev.obdwelt.de\/en\/wp-json\/wp\/v2\/product\/4765","targetHints":{"allow":["GET"]}}],"collection":[{"href":"https:\/\/dev.obdwelt.de\/en\/wp-json\/wp\/v2\/product"}],"about":[{"href":"https:\/\/dev.obdwelt.de\/en\/wp-json\/wp\/v2\/types\/product"}],"replies":[{"embeddable":true,"href":"https:\/\/dev.obdwelt.de\/en\/wp-json\/wp\/v2\/comments?post=4765"}],"wp:featuredmedia":[{"embeddable":true,"href":"https:\/\/dev.obdwelt.de\/en\/wp-json\/wp\/v2\/media\/3235"}],"wp:attachment":[{"href":"https:\/\/dev.obdwelt.de\/en\/wp-json\/wp\/v2\/media?parent=4765"}],"wp:term":[{"taxonomy":"product_brand","embeddable":true,"href":"https:\/\/dev.obdwelt.de\/en\/wp-json\/wp\/v2\/product_brand?post=4765"},{"taxonomy":"product_cat","embeddable":true,"href":"https:\/\/dev.obdwelt.de\/en\/wp-json\/wp\/v2\/product_cat?post=4765"},{"taxonomy":"product_tag","embeddable":true,"href":"https:\/\/dev.obdwelt.de\/en\/wp-json\/wp\/v2\/product_tag?post=4765"}],"curies":[{"name":"wp","href":"https:\/\/api.w.org\/{rel}","templated":true}]}}