{"id":4764,"date":"2025-03-15T00:30:18","date_gmt":"2025-03-15T00:30:18","guid":{"rendered":"https:\/\/dev.obdwelt.de\/?post_type=product&#038;p=4764"},"modified":"2025-07-04T12:21:01","modified_gmt":"2025-07-04T12:21:01","slug":"topdon-tornado-30000-30a-ladegeraet-autobatterie-6v12v24v-professionelles-batterieladegeraet","status":"publish","type":"product","link":"https:\/\/dev.obdwelt.de\/en\/produkt\/topdon-tornado-30000-30a-ladegeraet-autobatterie-6v12v24v-professionelles-batterieladegeraet\/","title":{"rendered":"TOPDON TORNADO 30000, 30A Ladeger\u00e4t Autobatterie, 6V,12V,24V Professionelles Batterieladeger\u00e4t"},"content":{"rendered":"<h2><strong>TOPDON TORNADO 30000 \u2013 Professionelles Batterieladeger\u00e4t f\u00fcr 6V, 12V und 24V Batterien<\/strong><\/h2>\n<p>Das <strong>TOPDON TORNADO 30000 (T30A)<\/strong> ist ein leistungsstarkes Ladeger\u00e4t, das f\u00fcr <strong>6V, 12V und 24V Blei-S\u00e4ure-Batterien<\/strong> sowie <strong>Lithium-Ionen-Batterien<\/strong> entwickelt wurde. Es unterst\u00fctzt Batterien von <strong>50Ah bis 1000Ah<\/strong>, darunter Nass-, Gel-, MF-, EFB-, AGM- und Lithium-Ionen-Batterien. Mit einer Schnellladefunktion von bis zu <strong>30A<\/strong> l\u00e4dt dieses Ladeger\u00e4t schneller und effizienter als Vorg\u00e4ngermodelle und ist perfekt f\u00fcr den professionellen Einsatz geeignet.<\/p>\n<p><strong>Hauptmerkmale:<\/strong><\/p>\n<ul>\n<li><strong>Schnellladung bis zu 30A<\/strong>: Laden Sie Ihre Batterien schneller dank hoher Stromst\u00e4rke, ohne die Batterie zu besch\u00e4digen.<\/li>\n<li><strong>12 intelligente Lademodi<\/strong>: Darunter NORM-, COLD- und REPAIR-Modus, um eine optimale Ladeleistung je nach Batteriezustand sicherzustellen.<\/li>\n<li><strong>L\u00e4ngere Kabel f\u00fcr Flexibilit\u00e4t<\/strong>: Mit einem 2 m langen Stromkabel und 1,8 m langen Klemmkabeln k\u00f6nnen Sie das Ger\u00e4t einfach in Garagen, Werkst\u00e4tten oder Autoh\u00e4usern verwenden.<\/li>\n<\/ul>\n<p><strong>Breites Anwendungsspektrum:<\/strong><\/p>\n<p>Das <strong>T30A Autobatterieladeger\u00e4t<\/strong> ist ideal f\u00fcr die meisten Fahrzeugtypen, wie <strong>Pkw, Lastwagen, Wohnmobile, SUVs<\/strong>, und auch f\u00fcr <strong>Tiefzyklusbatterien<\/strong> in Gabelstaplern, Golfwagen, Solarsystemen und mehr. Der <strong>Reparaturmodus<\/strong> hilft, die Leistung schwacher Blei-S\u00e4ure-Batterien zu regenerieren, w\u00e4hrend die <strong>Erhaltungsladung<\/strong> daf\u00fcr sorgt, dass die Batterie sicher verbunden bleibt, ohne \u00dcberladung zu riskieren.<\/p>\n<p><strong>Sicherheit geht vor:<\/strong><\/p>\n<p>Der <strong>TOPDON TORNADO 30000<\/strong> bietet umfassenden Schutz gegen <strong>Verpolung, \u00dcberhitzung, R\u00fcckladung, Kurzschl\u00fcsse<\/strong> und <strong>\u00dcberspannung<\/strong>. Mit einem <strong>flammhemmenden ABS-Geh\u00e4use<\/strong> und integriertem Temperatursensor sorgt das Ladeger\u00e4t f\u00fcr sicheres und effizientes Laden, unabh\u00e4ngig von der Umgebungstemperatur.<\/p>\n<p><strong>Zuverl\u00e4ssigkeit und Vielseitigkeit:<\/strong><\/p>\n<p>Der <strong>TORNADO 30000<\/strong> kann auch als <strong>ECU-Programmier- und Stromversorgungsvorschaltger\u00e4t<\/strong> f\u00fcr 12V- und 24V-Ger\u00e4te wie Reifenf\u00fcller, Autostaubsauger und Autok\u00fchlschr\u00e4nke verwendet werden. Es h\u00e4lt die Spannung des Fahrzeugs stabil bei 12V, um Entladungen w\u00e4hrend Reparaturarbeiten zu vermeiden.<\/p>\n<p><strong>Garantie &amp; Support:<\/strong><\/p>\n<ul>\n<li><strong>30-t\u00e4giges R\u00fcckgabe- und Umtauschrecht<\/strong><\/li>\n<li><strong>1 Jahr Garantie<\/strong><\/li>\n<li><strong>Lebenslanger kostenloser technischer Support<\/strong><\/li>\n<\/ul>\n<p>Mit dem <strong>TOPDON TORNADO 30000<\/strong> erhalten Sie ein professionelles Ladeger\u00e4t, das eine Vielzahl von Fahrzeugen und Batterien zuverl\u00e4ssig und sicher laden kann.<\/p>\n","protected":false},"excerpt":{"rendered":"<p>TOPDON TORNADO 30000 \u2013 Professionelles Batterieladeger\u00e4t f\u00fcr 6V, 12V und 24V Batterien Das TOPDON TORNADO 30000 (T30A) ist ein leistungsstarkes Ladeger\u00e4t, das f\u00fcr 6V, 12V und 24V Blei-S\u00e4ure-Batterien sowie Lithium-Ionen-Batterien entwickelt wurde. Es unterst\u00fctzt Batterien von 50Ah bis 1000Ah, darunter Nass-, Gel-, MF-, EFB-, AGM- und Lithium-Ionen-Batterien. Mit einer Schnellladefunktion von bis zu 30A l\u00e4dt [&hellip;]<\/p>\n","protected":false},"featured_media":3234,"comment_status":"open","ping_status":"closed","template":"","meta":[],"product_brand":[293],"product_cat":[386],"product_tag":[],"class_list":{"0":"post-4764","1":"product","2":"type-product","3":"status-publish","4":"has-post-thumbnail","6":"product_brand-topdon","7":"product_cat-batterieservice","9":"first","10":"instock","11":"shipping-taxable","12":"purchasable","13":"product-type-simple"},"_links":{"self":[{"href":"https:\/\/dev.obdwelt.de\/en\/wp-json\/wp\/v2\/product\/4764","targetHints":{"allow":["GET"]}}],"collection":[{"href":"https:\/\/dev.obdwelt.de\/en\/wp-json\/wp\/v2\/product"}],"about":[{"href":"https:\/\/dev.obdwelt.de\/en\/wp-json\/wp\/v2\/types\/product"}],"replies":[{"embeddable":true,"href":"https:\/\/dev.obdwelt.de\/en\/wp-json\/wp\/v2\/comments?post=4764"}],"wp:featuredmedia":[{"embeddable":true,"href":"https:\/\/dev.obdwelt.de\/en\/wp-json\/wp\/v2\/media\/3234"}],"wp:attachment":[{"href":"https:\/\/dev.obdwelt.de\/en\/wp-json\/wp\/v2\/media?parent=4764"}],"wp:term":[{"taxonomy":"product_brand","embeddable":true,"href":"https:\/\/dev.obdwelt.de\/en\/wp-json\/wp\/v2\/product_brand?post=4764"},{"taxonomy":"product_cat","embeddable":true,"href":"https:\/\/dev.obdwelt.de\/en\/wp-json\/wp\/v2\/product_cat?post=4764"},{"taxonomy":"product_tag","embeddable":true,"href":"https:\/\/dev.obdwelt.de\/en\/wp-json\/wp\/v2\/product_tag?post=4764"}],"curies":[{"name":"wp","href":"https:\/\/api.w.org\/{rel}","templated":true}]}}