{"id":4761,"date":"2025-03-15T00:30:18","date_gmt":"2025-03-15T00:30:18","guid":{"rendered":"https:\/\/dev.obdwelt.de\/?post_type=product&#038;p=4761"},"modified":"2025-07-04T12:21:45","modified_gmt":"2025-07-04T12:21:45","slug":"topdon-phoenix-adas-mobile-px1000-radarsystemkalibrierung","status":"publish","type":"product","link":"https:\/\/dev.obdwelt.de\/en\/produkt\/topdon-phoenix-adas-mobile-px1000-radarsystemkalibrierung\/","title":{"rendered":"TOPDON Phoenix ADAS Mobile PX1000 Radarsystemkalibrierung"},"content":{"rendered":"<h2><strong>TOPDON Phoenix ADAS Mobile PX1000 \u2013 Radarsystemkalibrierung f\u00fcr moderne Werkst\u00e4tten<\/strong><\/h2>\n<p>Der <strong>Phoenix Mobile ADAS<\/strong> ist ein faltbarer Kalibrierungsrahmen, der durch seine Mobilit\u00e4t und Benutzerfreundlichkeit f\u00fcr Autowerkst\u00e4tten und Karosseriewerkst\u00e4tten unverzichtbar ist. Mit seiner Kompatibilit\u00e4t mit den <strong>TOPDON-Diagnosescannern<\/strong> der Phoenix-Serie bietet er Fachleuten die M\u00f6glichkeit, pr\u00e4zise Kalibrierungsarbeiten an den modernsten Fahrzeugen durchzuf\u00fchren. Dieses System ist ideal f\u00fcr Werkst\u00e4tten, die Dienstleistungen wie <strong>Windschutzscheibentausch, Achsvermessung, Sto\u00dff\u00e4nger- und Kofferraumabdeckungsaustausch<\/strong> und viele andere Reparaturen anbieten.<\/p>\n<p><strong>Vollkommen mobil und flexibel:<\/strong><\/p>\n<p>Der <strong>Phoenix Mobile ADAS<\/strong> ist mit einem multifunktionalen Sockel und <strong>360-Grad-Schwenkr\u00e4dern<\/strong> ausgestattet, die eine einfache H\u00f6henanpassung erm\u00f6glichen. Selbst auf unebenem Boden kann das Ger\u00e4t pr\u00e4zise Kalibrierungen vornehmen. Ob in der Werkstatt, auf dem Parkplatz oder in der Einfahrt eines Kunden \u2013 dieses mobile System bietet maximale Flexibilit\u00e4t.<\/p>\n<p><strong>Platzsparendes Design:<\/strong><\/p>\n<p>Dank seines <strong>faltbaren Systems<\/strong> l\u00e4sst sich der Kalibrierungsrahmen bequem zusammenklappen und aufbewahren. Die klappbaren Arme und Standbeine machen das Ger\u00e4t leicht transportierbar und passen sogar in die meisten Kofferr\u00e4ume, was es zu einer \u00e4u\u00dferst portablen L\u00f6sung f\u00fcr professionelle Techniker macht.<\/p>\n<p><strong>Schnelle Einrichtung:<\/strong><\/p>\n<p>Erfahrene Techniker k\u00f6nnen das <strong>Phoenix Mobile ADAS<\/strong> in nur <strong>30 Minuten<\/strong> aufbauen und eine vollst\u00e4ndige Kalibrierung durchf\u00fchren. Durch die schnelle und einfache Handhabung wird Ihre Werkstatt produktiver und profitabler.<\/p>\n<p><strong>H\u00f6chste Pr\u00e4zision:<\/strong><\/p>\n<p>Das <strong>5-Laser-Pr\u00e4zisionsger\u00e4t<\/strong> sorgt f\u00fcr eine exakte Positionierung des Kalibrierungswerkzeugs. Mit der intuitiven Mittelpositionierung k\u00f6nnen Techniker Mikrojustierungen vornehmen, um die Kalibrierungsgenauigkeit weiter zu optimieren.<\/p>\n<p><strong>Gro\u00dfe Fahrzeugabdeckung:<\/strong><\/p>\n<p>Der <strong>Phoenix Mobile ADAS<\/strong> unterst\u00fctzt eine breite Palette von Fahrzeugen aus den <strong>USA, Europa und Asien<\/strong>, einschlie\u00dflich zahlreicher Zielsysteme. TOPDON aktualisiert regelm\u00e4\u00dfig seine Software, um die Kompatibilit\u00e4t mit den neuesten ADAS-f\u00e4higen Fahrzeugen zu gew\u00e4hrleisten.<\/p>\n<p><strong>Benutzerfreundliche Schritt-f\u00fcr-Schritt-Anleitung:<\/strong><\/p>\n<p>Mit der intuitiven Benutzeroberfl\u00e4che und der vollst\u00e4ndigen Kompatibilit\u00e4t mit den <strong>TOPDON Phoenix-Diagnosescannern<\/strong> bietet das System eine Echtzeit-Anleitung, die Nutzern detaillierte Informationen und Abbildungen zur Verf\u00fcgung stellt, um den Kalibrierungsprozess so einfach wie m\u00f6glich zu gestalten.<\/p>\n","protected":false},"excerpt":{"rendered":"<p>TOPDON Phoenix ADAS Mobile PX1000 \u2013 Radarsystemkalibrierung f\u00fcr moderne Werkst\u00e4tten Der Phoenix Mobile ADAS ist ein faltbarer Kalibrierungsrahmen, der durch seine Mobilit\u00e4t und Benutzerfreundlichkeit f\u00fcr Autowerkst\u00e4tten und Karosseriewerkst\u00e4tten unverzichtbar ist. Mit seiner Kompatibilit\u00e4t mit den TOPDON-Diagnosescannern der Phoenix-Serie bietet er Fachleuten die M\u00f6glichkeit, pr\u00e4zise Kalibrierungsarbeiten an den modernsten Fahrzeugen durchzuf\u00fchren. Dieses System ist ideal f\u00fcr [&hellip;]<\/p>\n","protected":false},"featured_media":3222,"comment_status":"open","ping_status":"closed","template":"","meta":[],"product_brand":[293],"product_cat":[290],"product_tag":[],"class_list":{"0":"post-4761","1":"product","2":"type-product","3":"status-publish","4":"has-post-thumbnail","6":"product_brand-topdon","7":"product_cat-adas","9":"first","10":"instock","11":"shipping-taxable","12":"purchasable","13":"product-type-variable"},"_links":{"self":[{"href":"https:\/\/dev.obdwelt.de\/en\/wp-json\/wp\/v2\/product\/4761","targetHints":{"allow":["GET"]}}],"collection":[{"href":"https:\/\/dev.obdwelt.de\/en\/wp-json\/wp\/v2\/product"}],"about":[{"href":"https:\/\/dev.obdwelt.de\/en\/wp-json\/wp\/v2\/types\/product"}],"replies":[{"embeddable":true,"href":"https:\/\/dev.obdwelt.de\/en\/wp-json\/wp\/v2\/comments?post=4761"}],"wp:featuredmedia":[{"embeddable":true,"href":"https:\/\/dev.obdwelt.de\/en\/wp-json\/wp\/v2\/media\/3222"}],"wp:attachment":[{"href":"https:\/\/dev.obdwelt.de\/en\/wp-json\/wp\/v2\/media?parent=4761"}],"wp:term":[{"taxonomy":"product_brand","embeddable":true,"href":"https:\/\/dev.obdwelt.de\/en\/wp-json\/wp\/v2\/product_brand?post=4761"},{"taxonomy":"product_cat","embeddable":true,"href":"https:\/\/dev.obdwelt.de\/en\/wp-json\/wp\/v2\/product_cat?post=4761"},{"taxonomy":"product_tag","embeddable":true,"href":"https:\/\/dev.obdwelt.de\/en\/wp-json\/wp\/v2\/product_tag?post=4761"}],"curies":[{"name":"wp","href":"https:\/\/api.w.org\/{rel}","templated":true}]}}