{"id":4757,"date":"2025-03-15T00:30:18","date_gmt":"2025-03-15T00:30:18","guid":{"rendered":"https:\/\/dev.obdwelt.de\/?post_type=product&#038;p=4757"},"modified":"2025-07-04T12:22:35","modified_gmt":"2025-07-04T12:22:35","slug":"launch-x431-pad-vii-pad-7-elite-2024-obd-kfz-diagnosegeraet","status":"publish","type":"product","link":"https:\/\/dev.obdwelt.de\/en\/produkt\/launch-x431-pad-vii-pad-7-elite-2024-obd-kfz-diagnosegeraet\/","title":{"rendered":"Launch X431 PAD VII Pad 7 ELITE 2024 OBD KFZ Diagnoseger\u00e4t"},"content":{"rendered":"<h1><strong>Launch X431 PAD VII Pad 7 ELITE<\/strong><\/h1>\n<p align=\"left\"><strong>\u00a0<\/strong><\/p>\n<p>LAUNCH X431 PAD\u2166 ist Launchs neuestes umfassendes High-End-Diagnose-Scan-Tool f\u00fcr Autos, das auf dem Android-System im Jahr 2022 basiert. Es erbt die vielen Vorteile von Launch in den Technologien zur Fehlerdiagnose von Autos, einschlie\u00dflich leistungsstarker Diagnosefunktionen, breiterer Automodellabdeckung, schnellerer Diagnosegeschwindigkeit und h\u00f6herer Aktualisierungsh\u00e4ufigkeit , super Hardwarekonfiguration usw.<\/p>\n<p>&nbsp;<\/p>\n<p><strong>Neu hinzugef\u00fcgte Funktionen:<\/strong><\/p>\n<p>&nbsp;<\/p>\n<ul>\n<li>Online-ECU-Programmierung : Einfache Neuprogrammierung von ECU-Modulen f\u00fcr mehr als 30 Fahrzeugmarken.<\/li>\n<li>3-in-1-SmartLink-C-Ger\u00e4t : Arbeiten Sie als VCI, um Fahrzeugdaten zu erhalten; Bereitstellung von zwei Diagnosemodi; Als J2534-Programmierger\u00e4t fungieren.<\/li>\n<li>Neue Protokolle : J2534\/D-PDU\/RP1210 &amp; CAN 2.0\/CAN FD\/DoIP f\u00fcr schnellere Diagnose.<\/li>\n<li>Topologie-Mapping : Zeigen Sie Ihnen alle Systembeziehungen und DTC in Farbtopologie visuell an.<\/li>\n<li>OBD-PIN-Erkennung : Erkennt die Fahrzeugprotokolle und den OBDII-Pin-Spannungsstatus, um Technikern bei der Beurteilung der OBD2-Schnittstelle zu helfen.<\/li>\n<li>Diagnoseplan : Bietet einen Plan, der Sie bei der Reparatur auf der Grundlage der aktuell erkannten Fehlercodes anleitet.<\/li>\n<li>Benutzerinformationen : In diesem Modul ist eine gro\u00dfe Menge an Diagnosedaten gut gespeichert, einschlie\u00dflich Berichte, Bestellung, Live-Datenstrom usw.<\/li>\n<\/ul>\n<p>&nbsp;<\/p>\n<p><strong>Hot-Diagnosefunktionen<\/strong><\/p>\n<p>&nbsp;<\/p>\n<ul>\n<li>\u00dcber 60 Reset-Funktionen : Decken Sie verschiedene Reset\/Relearn\/Match\/Calibration f\u00fcr 99 % der Autos ab.<\/li>\n<li>Breitere Abdeckung : Bedienen Sie Nutzfahrzeuge und 99 % der Personenkraftwagen (bis zu 200 Marken).<\/li>\n<li>H\u00f6here Aktualisierungsh\u00e4ufigkeit : Eine rechtzeitige Aktualisierung mit einem Klick k\u00f6nnte alle Fehler beheben und neuere Modelle bringen.<\/li>\n<li>VAG-gef\u00fchrte Funktionen: \u00dcberspringen Sie den Sicherheitszugangscode und die Kanalnummer, um den Abgleich, die Kalibrierung und die Grundeinstellungen durchzuf\u00fchren.<\/li>\n<li>Bidirektionale Steuerung : Lokalisieren Sie schnell die Fahrzeugprobleme von Fenstern, T\u00fcren, Schiebedach usw.<\/li>\n<\/ul>\n<p><strong>\u00a0<\/strong><\/p>\n<p><strong>Super Hardwarekonfiguration<\/strong><\/p>\n<p>&nbsp;<\/p>\n<ul>\n<li>5G WiFi Communication stellt automatisch eine Verbindung innerhalb von 20 Metern her, weitaus besser als herk\u00f6mmliche BT-Verbindungen in \u00dcbertragungsrate, Diagnoseentfernung und Anti-Interferenz.<\/li>\n<li>Universelle physikalische Schnittstellen umfassen USB Typ C, USB Typ A, Micro-SD, Micro-SIM-Steckplatz (LTE-Version) usw.<\/li>\n<li>Patentierte duale Diagnosemodi funktionieren sowohl bei der lokalen Diagnose als auch bei der Ferndiagnose.<\/li>\n<li>Core Processor + Android 9.0 OS verbessern die Diagnosegeschwindigkeit des Multitasking-Prozesses.<\/li>\n<li>8+256 GB Speicher sorgt f\u00fcr einen reibungslosen Multitasking-Betrieb und speichert alle Kundeninformationen, Diagnosedaten und -dateien sowie Reparaturaufzeichnungen.<\/li>\n<li>13,3-Zoll-Touchscreen mit 1920 * 1080 bietet Ihnen ein fl\u00fcssigeres Seherlebnis.<\/li>\n<li>IP65 + Eckenschutz wasserdichter und widerstandsf\u00e4higer gegen St\u00fcrze,<\/li>\n<li>Online-Programmierung: Herunterladen der neueren Daten vom Online-Server und Neuprogrammieren auf die ECUs. Aktualisieren von Daten und Aktualisieren der ECU-Softwareversion.<\/li>\n<li>J2534-Programmierung: Zusammenarbeit mit SmartLink VCI (J2534-Pass-Thru-Ger\u00e4t) zur Durchf\u00fchrung der J2534-Programmierung.<\/li>\n<li>Offline-Programmierung: Programmieren Sie adaptive Daten f\u00fcr bestimmte ECU-Module nach der Reparatur.<\/li>\n<\/ul>\n<p>&nbsp;<\/p>\n<p style=\"text-align: left;\"><strong>Fortgeschrittene ECU-Codierung und Online-Codierung<\/strong><\/p>\n<p style=\"text-align: left;\">J2534 ECU + Programming \/ Flash Hidden Functions \/ ECU Coding \/ Guided Functions \/ AutoAuth for FCA SGW \/ Anti-Theft IMMO Service<\/p>\n<p style=\"text-align: left;\"><strong>\u00a0<\/strong><\/p>\n<p><strong>ECU-Programmierung<\/strong><\/p>\n<p>Die CVCI-Box kann als J2534-ECU-Programmiertool verwendet werden, ein SAE J2534-1- und -2-konformer Durchgang durch ein Neuprogrammierungsschnittstellenger\u00e4t, um die OEM-Software zu aktualisieren und die vorhandene Software\/Firmware in den elektronischen Steuerger\u00e4ten (ECU) zu ersetzen. . Programmieren Sie neue Steuerger\u00e4te und beheben Sie so softwaregesteuerte Fahrverhaltens- und Emissionsprobleme.<\/p>\n<p><strong>ECU-Codierung<\/strong><\/p>\n<p>Komponentenabgleich: Mit diesem LAUNCH X431-Diagnosescanner k\u00f6nnen Sie die Fahrzeugsteuermodule neu flashen, die im Steuerger\u00e4t gespeicherten Originalspeicher l\u00f6schen und die adaptiven Daten in bestimmte Komponenten schreiben. Und so eine stabile Kommunikation zwischen Steuerger\u00e4temodulen nach Reparatur oder Austausch aufzubauen.<\/p>\n<p>Funktionen aktivieren\/deaktivieren: Sie k\u00f6nnen diesen Diagnose-Tester auch verwenden, um das urspr\u00fcngliche Verhalten Ihres Fahrzeugs zu \u00e4ndern \u2013 einige st\u00f6rende Funktionen zu deaktivieren oder High-End-Autofunktionen wie folgt freizuschalten:<\/p>\n<p>Deaktivierung der Start\/Stopp-Funktion | Piepton beim Entriegeln und Verriegeln | Verriegeln der T\u00fcren, sobald eine bestimmte Geschwindigkeit erreicht ist (z ab 15 km\/h) | Sicherheitsgurt-Warnt\u00f6ne | Spiegel automatisch ein- und ausklappbar | Schlie\u00dfen der Fenster nach dem Verriegeln der Autot\u00fcr mit dem Schl\u00fcssel | Blinken der Bremslichter bei einer Notbremsung | Tagfahrlicht aktivieren\/deaktivieren Helligkeit des Tagfahrlichts \u00e4ndern | Blinken der Scheinwerfer beim Verriegeln oder Entriegeln der T\u00fcren \u00fcber die Fernbedienung | Blinken der Scheinwerfer bei Ausl\u00f6sung der Alarmanlage | Anzeige der tats\u00e4chlichen Geschwindigkeit per GPS-Signal | Anzeige des Kraftstoffverbrauchs bei einer bestimmten Geschwindigkeit | Helligkeit des Armaturenbretts \u00e4ndern | Anzeige der optimalen Schaltzeit im Eco- oder Sportmodus | W\u00e4hlen Sie aus, ob die Anzeige auf dem Armaturenbrett oder im Head-up-Display erfolgen soll.<\/p>\n<p>&nbsp;<\/p>\n<p style=\"text-align: left;\"><strong>8 Modulfunktionen erweitern<\/strong><\/p>\n<p style=\"text-align: left;\"><strong>X431 PAD VII <\/strong>unterst\u00fctzt 8 erweiterte Module wie Videoskop, Oszilloskop, Sensor-Box, TPMS-Tools, Schl\u00fcssel Wegfahrsperre, und Batterie-Tester. Mit diesen erweiterten Modulen, sind Techniker zur Verf\u00fcgung, um High-Level-Fehler mit Leichtigkeit zu l\u00f6sen, um diese erweiterten Module zu machen, m\u00fcssen Sie erweiterte Adapter kaufen.<\/p>\n<p><strong>\u00a0<\/strong><\/p>\n<p><strong>Unterst\u00fctzte Fahrzeuge<\/strong><\/p>\n<p><strong>EU Marken:<\/strong><br \/>\nAudi, Mercedes, Maybach, BMW, Mini, Rolls Royce, VW, Bentley, Bugatti, Opel, Vauxhal, Peugeot, Citroen, Volvo, Sprinter, Renault, Dacia, Fiat, Alfa Romeo, Abarth, Lancia, Rover, Land Rover, Saab, Seat, Skoda, Samrt, Maserati, Ferrari, Aston Martin, Porsche, Jaguar&#8230;<\/p>\n<p><strong>Asiatische Marken:<\/strong><br \/>\nToyota, Lexus, Honda, Acura, Mazda, Subaru, Nissan, Infiniti, Mitsubishi, Hyundai, Isuzu, Daihatsu, KIA, Daewoo, Suzuki, Proton, Tata, Mahindra, Ssangyong, Perodua, Maruti&#8230;<\/p>\n<p><strong>US-Marken:<\/strong><br \/>\nFord, Lincoln, GM, Buick, Cadillac, Chevrolet, Chrysler, Dodge, Jeep&#8230;<\/p>\n<h3><strong>\u00a0<\/strong><\/h3>\n<h3><strong>Lieferumfang<\/strong><\/h3>\n<ul>\n<li>X-431 PAD VII<\/li>\n<li>Diagnostik Smartlink C<\/li>\n<li>USB-Kabel Typ c<\/li>\n<\/ul>\n<ul>\n<li>Netzadapter<\/li>\n<\/ul>\n<ul>\n<li>OBD II-Verl\u00e4ngerungskabel<\/li>\n<li>Kabel f\u00fcr Drucker<\/li>\n<li>Netzwerkkabel<\/li>\n<\/ul>\n<p>&nbsp;<\/p>\n<h3 style=\"text-align: left;\"><strong>Fahrzeugabdeckungsliste (klicken Sie bei der Auswahl vom Ger\u00e4t Online-Sale)<br \/>\n<\/strong><\/h3>\n<p style=\"text-align: left;\" align=\"center\"><a href=\"https:\/\/qcar.x431.com\/qcar\/#\/pc\/index?q=e30%3D\"><strong>HIER KLICKEN<\/strong><\/a><\/p>\n<p align=\"center\">\n<h3 align=\"center\">APK PAD7<\/h3>\n<p>https:\/\/dateien.ml24.shop\/uploads\/x431pad7EN_V7.00.013%282%29.apk.1<\/p>\n<p align=\"left\">\n","protected":false},"excerpt":{"rendered":"<p>Launch X431 PAD VII Pad 7 ELITE \u00a0 LAUNCH X431 PAD\u2166 ist Launchs neuestes umfassendes High-End-Diagnose-Scan-Tool f\u00fcr Autos, das auf dem Android-System im Jahr 2022 basiert. Es erbt die vielen Vorteile von Launch in den Technologien zur Fehlerdiagnose von Autos, einschlie\u00dflich leistungsstarker Diagnosefunktionen, breiterer Automodellabdeckung, schnellerer Diagnosegeschwindigkeit und h\u00f6herer Aktualisierungsh\u00e4ufigkeit , super Hardwarekonfiguration usw. &nbsp; [&hellip;]<\/p>\n","protected":false},"featured_media":3203,"comment_status":"open","ping_status":"closed","template":"","meta":[],"product_brand":[299],"product_cat":[333],"product_tag":[],"class_list":{"0":"post-4757","1":"product","2":"type-product","3":"status-publish","4":"has-post-thumbnail","6":"product_brand-launch","7":"product_cat-diagnosegerate-launch","9":"first","10":"instock","11":"shipping-taxable","12":"purchasable","13":"product-type-simple"},"_links":{"self":[{"href":"https:\/\/dev.obdwelt.de\/en\/wp-json\/wp\/v2\/product\/4757","targetHints":{"allow":["GET"]}}],"collection":[{"href":"https:\/\/dev.obdwelt.de\/en\/wp-json\/wp\/v2\/product"}],"about":[{"href":"https:\/\/dev.obdwelt.de\/en\/wp-json\/wp\/v2\/types\/product"}],"replies":[{"embeddable":true,"href":"https:\/\/dev.obdwelt.de\/en\/wp-json\/wp\/v2\/comments?post=4757"}],"wp:featuredmedia":[{"embeddable":true,"href":"https:\/\/dev.obdwelt.de\/en\/wp-json\/wp\/v2\/media\/3203"}],"wp:attachment":[{"href":"https:\/\/dev.obdwelt.de\/en\/wp-json\/wp\/v2\/media?parent=4757"}],"wp:term":[{"taxonomy":"product_brand","embeddable":true,"href":"https:\/\/dev.obdwelt.de\/en\/wp-json\/wp\/v2\/product_brand?post=4757"},{"taxonomy":"product_cat","embeddable":true,"href":"https:\/\/dev.obdwelt.de\/en\/wp-json\/wp\/v2\/product_cat?post=4757"},{"taxonomy":"product_tag","embeddable":true,"href":"https:\/\/dev.obdwelt.de\/en\/wp-json\/wp\/v2\/product_tag?post=4757"}],"curies":[{"name":"wp","href":"https:\/\/api.w.org\/{rel}","templated":true}]}}