{"id":4756,"date":"2025-03-15T00:30:18","date_gmt":"2025-03-15T00:30:18","guid":{"rendered":"https:\/\/dev.obdwelt.de\/?post_type=product&#038;p=4756"},"modified":"2025-07-04T12:22:10","modified_gmt":"2025-07-04T12:22:10","slug":"topdon-phoenix-max-kfz-werkstatt-diagnosegeraet-mit-ohne-oszilloscope","status":"publish","type":"product","link":"https:\/\/dev.obdwelt.de\/en\/produkt\/topdon-phoenix-max-kfz-werkstatt-diagnosegeraet-mit-ohne-oszilloscope\/","title":{"rendered":"TOPDON PHOENIX MAX KFZ Werkstatt Diagnoseger\u00e4t mit \/ ohne Oszilloscope"},"content":{"rendered":"<h1><strong>TOPDON PHOENIX MAX<\/strong><\/h1>\n<p align=\"left\"><strong>\u00a0<\/strong><\/p>\n<p align=\"left\"><strong>Der Phoenix Max ist TOPDONs neuester High End Kfz-Diagnosescanner auf dem neuesten Stand der Technik. Mit einem 13,3-Zoll-Bildschirm bietet dieses All-in-One-Tool eine breite Palette von Funktionen, die die Kapazit\u00e4t jedes Technikers erweitern, um noch mehr Aufgaben zu erledigen. Der Phoenix Max verf\u00fcgt \u00fcber ein 4-Kanal-Oszilloskop, ADAS-Kompatibilit\u00e4t und Topology Mapping, das alle Fahrzeugsysteme auf einen Blick anzeigt. Sein aktualisiertes MDCI (Modular Diagnostics &amp; Communication Interface) umfasst die neuesten Protokolle, so dass Fachleute mit optionaler Zusatzsoftware komplexere Reparaturen an verschiedenen Automobilen und schweren Nutzfahrzeugen durchf\u00fchren k\u00f6nnen.<\/strong><\/p>\n<p><strong>\u00a0<\/strong><\/p>\n<h3><strong>MERKMALE<\/strong><\/h3>\n<ul>\n<li>Enth\u00e4lt ein 4-Kanal-Oszilloskop ( Wahlweise mit oder ohne )<\/li>\n<li>Cloud-basierte Programmierung und Online-Codierung<\/li>\n<li>Zugriff auf das FCA-Gateway, um an den modernsten Fahrzeugen zu arbeiten und gesperrte Funktionen anzupassen<\/li>\n<li>Unterst\u00fctzt ADAS-Kalibrierung und Batterietests sowie HD-Diagnose (Nutzfahrzeuge) mit zus\u00e4tzlichem Kauf<\/li>\n<li>Topology Mapping<\/li>\n<li>MDCI Pro ist mit den Protokollen J2534, CanFD, DoIP, D-PU und RP1210 ausgestattet<\/li>\n<\/ul>\n<ul>\n<li>Nutzfahrzeuge Kabel Add-On (*Zus\u00e4tzliches Zubeh\u00f6r kann erworben werden)<\/li>\n<\/ul>\n<h3><strong>\u00a0<\/strong><\/h3>\n<h3><strong>SCHL\u00dcSSELPROGRAMMIERUNG UND ECU<\/strong><\/h3>\n<p>Mit der TNJ Box <a href=\"https:\/\/www.ml24.shop\/p\/x-prog-3-tnj-box-schluessel-programmierer-passend-topdon\">https:\/\/www.ml24.shop\/p\/x-prog-3-tnj-box-schluessel-programmierer-passend-topdon<\/a><\/p>\n<h3><strong>\u00a0<\/strong><\/h3>\n<h3><strong>Online Programmierfunktion f\u00fcr mehrere Fahrzeuge<\/strong><\/h3>\n<p><u><strong>auf Anfrage senden wir Ihnen eine Datei-Liste s\u00e4mtlicher Online Programmierfunktionen die der Phoenix Max durchf\u00fchren kann.<\/strong><br \/>\n<\/u><\/p>\n<p>&nbsp;<\/p>\n<h3><strong>SPEZIFIKATIONEN<\/strong><\/h3>\n<ul>\n<li>Speicher: 8GB RAM &amp; 256GB ROM<\/li>\n<li>Batteriekapazit\u00e4t: 18600mAh\uff0c3.8v<\/li>\n<li>System: Android 9.0<\/li>\n<li>Bildschirmgr\u00f6\u00dfe: 13,3 Zoll<\/li>\n<li>Bildschirmaufl\u00f6sung: 1920&#215;1200<\/li>\n<li>Wi-Fi: Unterst\u00fctzt 2.4GHz&amp;5GHz Dual-Frequenz<\/li>\n<li>Kamera: R\u00fcckseite: 13 Megapixel<\/li>\n<\/ul>\n<ul>\n<li>Abmessung: 14.33*11.22*3.23 Zoll (364*285*82 mm)<\/li>\n<\/ul>\n<p>&nbsp;<\/p>\n<h3><strong>LIEFERUMFANG<\/strong><\/h3>\n<ul>\n<li>Phoenix Max<\/li>\n<li>MDCI Ausgestattet mit MegaCan, CanFD und J2534 Protokollen<\/li>\n<li>4-Kanal-Oszilloskop ( Wahlweise mit oder ohne )<\/li>\n<li>OBDII-Verl\u00e4ngerungskabel<\/li>\n<li>Kabel f\u00fcr Zigarettenanz\u00fcnder<\/li>\n<li>Typ-C-USB-Kabel<\/li>\n<li>Batterieklemmen\/Kabelsatz<\/li>\n<li>Netzadapter<\/li>\n<li>Benutzerhandbuch (DEUTSCH PER MAIL)<\/li>\n<li>Passwort-Umschlag<\/li>\n<li>16poliges Adapterkabel-Kit<\/li>\n<\/ul>\n<p>&nbsp;<\/p>\n<p>&nbsp;<\/p>\n<h3><strong>GARANTIE &amp; UPDATES<\/strong><\/h3>\n<ul>\n<li>2 Jahr Garantie<\/li>\n<\/ul>\n<ul>\n<li>2 Jahre lang kostenlose Software-Upgrades<\/li>\n<\/ul>\n<p>&nbsp;<\/p>\n<h3><strong>LKW Freischaltung<br \/>\n<\/strong><\/h3>\n<p>kann separat erworben werden:<\/p>\n<p><a href=\"https:\/\/www.ml24.shop\/p\/topdon-hd-lkw-freischaltung\">https:\/\/www.ml24.shop\/p\/topdon-hd-lkw-freischaltung<\/a><\/p>\n<p>&nbsp;<\/p>\n<p>&nbsp;<\/p>\n<h3><strong>Fahrzeugabdeckungsliste:<\/strong><\/h3>\n<p><a href=\"https:\/\/www.topdon.com\/pages\/support-diagnostic-tool\">https:\/\/www.topdon.com\/pages\/support-diagnostic-tool<\/a><\/p>\n<p>&nbsp;<\/p>\n<p>&nbsp;<\/p>\n<p><a href=\"https:\/\/autocarsoftware.com\/AlldataOnlineV1.2.apk\">APK f\u00fcr AlldataOnline<\/a><\/p>\n<p>&nbsp;<\/p>\n<p>&nbsp;<\/p>\n","protected":false},"excerpt":{"rendered":"<p>TOPDON PHOENIX MAX \u00a0 Der Phoenix Max ist TOPDONs neuester High End Kfz-Diagnosescanner auf dem neuesten Stand der Technik. Mit einem 13,3-Zoll-Bildschirm bietet dieses All-in-One-Tool eine breite Palette von Funktionen, die die Kapazit\u00e4t jedes Technikers erweitern, um noch mehr Aufgaben zu erledigen. Der Phoenix Max verf\u00fcgt \u00fcber ein 4-Kanal-Oszilloskop, ADAS-Kompatibilit\u00e4t und Topology Mapping, das alle [&hellip;]<\/p>\n","protected":false},"featured_media":3193,"comment_status":"open","ping_status":"closed","template":"","meta":[],"product_brand":[293],"product_cat":[329],"product_tag":[],"class_list":{"0":"post-4756","1":"product","2":"type-product","3":"status-publish","4":"has-post-thumbnail","6":"product_brand-topdon","7":"product_cat-diagnosegerate-topdon","9":"first","10":"instock","11":"sale","12":"featured","13":"shipping-taxable","14":"purchasable","15":"product-type-variable"},"_links":{"self":[{"href":"https:\/\/dev.obdwelt.de\/en\/wp-json\/wp\/v2\/product\/4756","targetHints":{"allow":["GET"]}}],"collection":[{"href":"https:\/\/dev.obdwelt.de\/en\/wp-json\/wp\/v2\/product"}],"about":[{"href":"https:\/\/dev.obdwelt.de\/en\/wp-json\/wp\/v2\/types\/product"}],"replies":[{"embeddable":true,"href":"https:\/\/dev.obdwelt.de\/en\/wp-json\/wp\/v2\/comments?post=4756"}],"wp:featuredmedia":[{"embeddable":true,"href":"https:\/\/dev.obdwelt.de\/en\/wp-json\/wp\/v2\/media\/3193"}],"wp:attachment":[{"href":"https:\/\/dev.obdwelt.de\/en\/wp-json\/wp\/v2\/media?parent=4756"}],"wp:term":[{"taxonomy":"product_brand","embeddable":true,"href":"https:\/\/dev.obdwelt.de\/en\/wp-json\/wp\/v2\/product_brand?post=4756"},{"taxonomy":"product_cat","embeddable":true,"href":"https:\/\/dev.obdwelt.de\/en\/wp-json\/wp\/v2\/product_cat?post=4756"},{"taxonomy":"product_tag","embeddable":true,"href":"https:\/\/dev.obdwelt.de\/en\/wp-json\/wp\/v2\/product_tag?post=4756"}],"curies":[{"name":"wp","href":"https:\/\/api.w.org\/{rel}","templated":true}]}}