{"id":4755,"date":"2025-03-15T00:30:18","date_gmt":"2025-03-15T00:30:18","guid":{"rendered":"https:\/\/dev.obdwelt.de\/?post_type=product&#038;p=4755"},"modified":"2025-07-04T12:15:26","modified_gmt":"2025-07-04T12:15:26","slug":"launch-x431-pro5-profi-kfz-obd2-diagnosegeraet-new-version-2024","status":"publish","type":"product","link":"https:\/\/dev.obdwelt.de\/en\/produkt\/launch-x431-pro5-profi-kfz-obd2-diagnosegeraet-new-version-2024\/","title":{"rendered":"LAUNCH X431 PRO5 Profi KFZ OBD2 Diagnoseger\u00e4t ! NEW VERSION 2024 !"},"content":{"rendered":"<h1><strong>LAUNCH X431 Diagnoseger\u00e4t PRO5 New Version 2024<\/strong><\/h1>\n<h3><strong><u>Dieses Ger\u00e4t hat 2 Jahre kostenlose Updates und 1 Jahr Garantie<\/u><\/strong><\/h3>\n<p><strong>Diagnoseger\u00e4t Aufger\u00fcstet von PRO3, J2534, CANFD, DOIP, ECU-Programmierung, Codierung, \u00fcber 50 Dienste, VAG-gef\u00fchrte Funktionen, SmartLink C 2.0 f\u00fcr Werkst\u00e4tten, <\/strong><strong>\u00dcbertrifft die meisten Ihrer professionellen Anforderungen<\/strong><\/p>\n<p>&nbsp;<\/p>\n<p>Fahrzeuge ver\u00e4ndern sich. Die Diagnostik wird immer komplexer. Keine Panik. Gewinnen Sie Vertrauen und erhalten Sie alles, was Sie zum Diagnostizieren, Erforschen und Reparieren von Fahrzeugproblemen ben\u00f6tigen, mit den hochmodernen Kfz-Diagnosel\u00f6sungen von LAUNCH, die alle in diesem 2024-NEUEN X431-Diagnosescanner vereint sind: X431 PRO5.<\/p>\n<p>\u2705<span style=\"color: #ff0000;\"><strong>2024 X431 Pr<span style=\"color: black;\"><span style=\"color: #e32828;\">o 5<\/span><\/span><\/strong><\/span> \u2013 Der Original-X431-Diagnosescanner, der offiziell von LAUNCH autorisiert wurde; keine IP-Einschr\u00e4nkungen; extra lange 2 Jahre kostenlose Software-Updates; erweiterte 2 Jahre Qualit\u00e4tssicherung.<\/p>\n<p>\u2705<span style=\"color: #ff0000;\"><strong>Upgrade von X431 V+\/Pros Mini\/PRO3\/TURBO\/Throttle<\/strong><\/span> \u2013 Eine gro\u00dfe Auswahl an zukunftssicheren Funktionen f\u00fcr produktives Arbeiten: 1) SmartLink C 2.0, J2534-ECU-Programmierung, intelligente AutoVIN und AutoScan, aktive Tests, alle Systemdiagnosen, VAG-gef\u00fchrt Funktion, FCA-AutoAuth-Zugriff usw.; 2) Erweiterte Online-ECU-Codierung und -Anpassungen bringen pers\u00f6nlichere Einstellungen; 3) \u00dcber 50 Servicefunktionen mit h\u00e4ufigeren Updates zur Unterst\u00fctzung von mehr Fahrzeugen.<\/p>\n<p>\u2705<span style=\"color: #ff0000;\"><strong>Fahrzeugabdeckung auf OE-Niveau<\/strong><\/span> \u2013 \u00fcber 100 Automarken, \u00fcber 10.000 Modelle aus den US-amerikanischen, europ\u00e4ischen und asiatischen Autom\u00e4rkten; expandiert noch.<\/p>\n<p>\u2705<span style=\"color: #ff0000;\"><strong>Intelligente Diagnose<\/strong><\/span> \u2013 AutoVIN &amp; AutoScan erm\u00f6glichen DTC-Scans aller Systeme, die durchschnittlich &lt; 3 Minuten dauern.<\/p>\n<p>\u2705<strong><span style=\"color: #ff0000;\">Vollst\u00e4ndiger bidirektionaler aktiver Test<\/span><\/strong> \u2013 Testen Sie Fahrzeugkomponenten effektiv nach Bedarf.<\/p>\n<p>\u2705<span style=\"color: #ff0000;\"><strong>FCA AutoAuth-Zugriff <\/strong><\/span>\u2013 Umgehen Sie SGM in FCA-Fahrzeugen nahtlos und innerhalb von Sekunden; Funktioniert bei Chrysler, Dodge, Jeep, Alfa Romeo, Fiat usw. ab Baujahr 2017. *AutoAuth-Abonnements erforderlich.<\/p>\n<p>\u2705<span style=\"color: #ff0000;\"><strong>VAG Guided Function<\/strong><\/span> \u2013 \u00dcberspringen Sie das routinem\u00e4\u00dfige Verfahren zur Eingabe des Sicherheitszugangscodes und der Kanalnummer f\u00fcr VW-, Audi-, Skoda- und Seat-Fahrzeuge.<\/p>\n<p>\u2705<span style=\"color: #ff0000;\"><strong>Module hinzuf\u00fcgen, um Funktionen zu erweitern<\/strong><\/span> \u2013 ADAS Calibration Toolkit; VSP-600 Videoskop; X431 TPMS-TSGUN; BTS360 Bluetooth-Batterietester; X-PROG &amp; X-PROG3 Wegfahrsperre.<\/p>\n<p>\u2705<span style=\"color: #ff0000;\"><strong>16-poliger Stecker- und Kabelsatz<\/strong><\/span> \u2013 erm\u00f6glicht die Arbeit an verschiedenen Fahrzeugen auf der ganzen Welt.<\/p>\n<p>\u2705<span style=\"color: #ff0000;\"><strong>Benutzerorientiert <\/strong><\/span>\u2013 One-Touch-Software-Updates; Online-Feedback rund um die Uhr; Daten speichern, aufzeichnen und automatisch Berichte erstellen, die per E-Mail geteilt werden k\u00f6nnen; 12-Kanal-Grafik-Live-Datenstrom auf einem Bildschirm mit max. 4 Streams k\u00f6nnen zusammengef\u00fchrt werden; Men\u00fc mit 25 Sprachen.<\/p>\n<p>&nbsp;<\/p>\n<p>&nbsp;<\/p>\n<p>&nbsp;<\/p>\n<h3><strong>ECU-Codierung: \u00c4ndern Sie das Auto nach Ihren W\u00fcnschen<\/strong><\/h3>\n<p>Von der herstellerspezifischen Neuprogrammierung bis hin zur vollen Diagnosef\u00e4higkeit verf\u00fcgt dieser LAUNCH-Diagnosescanner auch \u00fcber die Zauberkraft \u201eECU Coding\u201c, um Sie auf dem neuesten Stand zu halten:<\/p>\n<p>1) Sie k\u00f6nnen das neu installierte ECU-Modul anpassen, neu lernen und codieren, nachdem Sie Reparaturen oder Ersetzungen vorgenommen haben. 2) Sie k\u00f6nnen die marktspezifischen Einstellungen \u00e4ndern, um Fahrzeugfunktionen auf h\u00f6herer Ebene zu aktivieren und nicht ben\u00f6tigte Funktionen zu deaktivieren, wodurch Einschr\u00e4nkungen aufgehoben werden.<\/p>\n<p>&nbsp;<\/p>\n<p>\u2714\ufe0fDie Online-ECU-Codierung ist kompatibel mit Volkswagen, Audi, BMW, Porsche usw.<\/p>\n<p>\u2714\ufe0fAnwendungen: Start\/Stopp-Funktion deaktivieren \u2022 Tagfahrlicht aktivieren\/deaktivieren \u2022 Gurtwarnt\u00f6ne \u2022 Spiegel automatisch ein-\/ausklappen \u2022 Fenster schlie\u00dfen nach dem Schlie\u00dfen der Autot\u00fcr mit dem Schl\u00fcssel \u2022 Bremslicht blinken bei Notbremsung \u2022 Helligkeit \u00e4ndern des Tagfahrlichts \u2026<\/p>\n<p>&nbsp;<\/p>\n<h3><strong>Intelligenter Service hat Ihre Arbeit vereinfacht<\/strong><\/h3>\n<p>Sie k\u00f6nnen sich auf LAUNCH verlassen, den weltweit f\u00fchrenden Anbieter von Kfz-Diagnoseger\u00e4ten, und genie\u00dfen Sie die gesamte Palette branchenf\u00fchrender L\u00f6sungen unserer X431-Scan-Tools, um Ihren Arbeitsprozess mit unserem un\u00fcbertroffenen Service, Support, Informationen und Mitarbeitern zu einem Kinderspiel zu machen der Weg.<\/p>\n<p>An der Spitze der Technologie, um die extreme Geschwindigkeit, Flexibilit\u00e4t und den Zugriff zu erleben, die Ihnen unsere Diagnosetools bieten w\u00fcrden und die Sie von anderen Marken nicht genie\u00dfen w\u00fcrden.<\/p>\n<p>&nbsp;<\/p>\n<h3><strong>\u00dcber 50 Hot-Reset- und Relearn-Wartungsdienste<\/strong><\/h3>\n<p>Sie k\u00f6nnen ganz einfach mehrere h\u00e4ufig verwendete Servicefunktionen ausw\u00e4hlen und ihren klaren und pr\u00e4zisen Anweisungen folgen, um komplexe Projekte viel schneller abzuschlie\u00dfen, einschlie\u00dflich, aber nicht beschr\u00e4nkt auf die folgenden:<\/p>\n<p>&#8211;<span style=\"color: #ff0000;\"><strong>\u00d6lservice zur\u00fccksetzen: <\/strong><\/span>Setzen Sie die \u00d6lwartungslampe zur\u00fcck; das optimale Wechselintervall f\u00fcr die \u00d6llebensdauer neu berechnen.<\/p>\n<p>&#8211;<span style=\"color: #ff0000;\"><strong>Lenkwinkel zur\u00fccksetzen: <\/strong><\/span>Setzen Sie den Lenkwinkel auf Null zur\u00fcck, damit das Auto geradeaus f\u00e4hrt.<\/p>\n<p>&#8211;<span style=\"color: #ff0000;\"><strong>Injektorcodierung: <\/strong><\/span>Schreiben Sie den neuen Injektorcode in das System, um die Zylindereinspritzmenge zu korrigieren.<\/p>\n<p>&#8211;<span style=\"color: #ff0000;\"><strong>Electronic Parking Brake Reset:<\/strong><\/span> Hilft beim Ersetzen und Zur\u00fccksetzen des Bremsbelags.<\/p>\n<p>&#8211;<span style=\"color: #ff0000;\"><strong>ABS-Entl\u00fcftung: <\/strong><\/span>Hilft auf einfache Weise, die Luft im ABS-System abzulassen.<\/p>\n<p>&#8211;<span style=\"color: #ff0000;\"><strong>Drosselklappe: <\/strong><\/span>Initialisieren Sie die Drosselklappenstellglieder in den Standardzustand.<\/p>\n<p>&#8211;<span style=\"color: #ff0000;\"><strong>Batterie:<\/strong><\/span> Registrieren Sie die Batterie nach dem Austausch.<\/p>\n<p>&#8211;<span style=\"color: #ff0000;\"><strong>DPF-Regeneration:<\/strong><\/span> Hilft bei der Entfernung von Partikeln, um die Falle stabil zu halten.<\/p>\n<p>&#8211;<span style=\"color: #ff0000;\"><strong>Anti-Diebstahl-Matching (IMMO-Service):<\/strong><\/span> Deaktivieren Sie verlorene Schl\u00fcssel, um zu verhindern, dass das Auto gestohlen wird, und f\u00fcgen Sie neue Schl\u00fcssel hinzu. *Limited im Verzug; kann mit X-PROG &amp; X-PROG3 vollst\u00e4ndig aufger\u00fcstet werden.<\/p>\n<p>&#8211;<span style=\"color: #ff0000;\"><strong>Reifendruck-Reset:<\/strong><\/span> Setzen Sie den Reifendruck zur\u00fcck.<\/p>\n<p>&#8211;<span style=\"color: #ff0000;\"><strong>Kalibrierung des Federungsniveaus:<\/strong><\/span> Passen Sie den K\u00f6rperh\u00f6hensensor des Fahrzeugs f\u00fcr die Niveaukalibrierung an.<\/p>\n<p>&#8211;<span style=\"color: #ff0000;\"><strong>Scheinwerferanpassung:<\/strong><\/span> Initialisieren Sie das adaptive Scheinwerfersystem.<\/p>\n<p>&#8211;<span style=\"color: #ff0000;\"><strong>Gearbox Matching: <\/strong><\/span>Helfen Sie dabei, das Selbstlernen des Getriebes abzuschlie\u00dfen, um die Schaltqualit\u00e4t zu verbessern.<\/p>\n<p>&#8211;<span style=\"color: #ff0000;\"><strong>Schiebedach-Initialisierung:<\/strong><\/span> Initialisieren Sie das Schiebedach, wenn es verriegelt oder geschlossen werden soll.<\/p>\n<p>&#8211; <span style=\"color: #ff0000;\"><strong>Zahnlernen: <\/strong><\/span>Hilfe beim Zahnlernen nach dem Kurbelwellenwechsel im Motor.<\/p>\n<p>Und vieles mehr mit Erweiterung. Die Funktionsmen\u00fcs variieren je nach Hersteller, Baujahr und Modell. Kontaktieren Sie uns f\u00fcr eine Kompatibilit\u00e4tspr\u00fcfung.<\/p>\n<p><span style=\"color: #ff0000;\"><strong>\u00a0<\/strong><\/span><\/p>\n<p><span style=\"color: #ff0000;\"><strong>HINWEIS:<\/strong><\/span><strong>*Erkunden Sie weitere Servicefunktionen, indem Sie auf die Men\u00fcs \u201eFahrzeugmarke -&gt; Systemdiagnose -&gt; Sonderfunktion\u201c zugreifen.<\/strong><\/p>\n<p>&nbsp;<\/p>\n<h3><strong>Verbessern Sie Ihre Erfahrung<\/strong><\/h3>\n<p>Dieses X431-Scan-Tool fungiert auch als bidirektionaler Autoscanner, um bestimmte Tests und Funktionen durchzuf\u00fchren, ohne die fahrzeugeigenen Bedienelemente zu verwenden, um Zeit zu sparen. Zum Beispiel: Verwenden des Diagnosewerkzeugs, um die Kraftstoffpumpe einzuschalten. Wenn die Kraftstoffdruckanzeige den richtigen Kraftstoffdruck anzeigt, wissen Sie, dass der Kraftstoffpumpenkreislauf und die Pumpe ordnungsgem\u00e4\u00df funktionieren. Der Vorgang dauert nur &lt; 5 Minuten. Wenn manuell testen? Dreimal so lange!<\/p>\n<p>&nbsp;<\/p>\n<h3><strong>Die VIN Technologie<\/strong><\/h3>\n<p>Dieser intelligente Scanner erkennt automatisch Marke, Modell und Herstellungsjahr auf Knopfdruck; helfen Ihnen bei der Auswahl der richtigen Software, damit die Diagnose schnell und effizient durchgef\u00fchrt wird. Sie werden sich auch dar\u00fcber freuen, wie intelligent es w\u00e4re, die Testergebnisse als Inspektionsbericht aufzuzeichnen, was von selbst erledigt wird, sodass Sie Fahrzeugzustandsprotokolle f\u00fchren und die Informationen einfach weitergeben k\u00f6nnen<\/p>\n<p>&nbsp;<\/p>\n<h3><strong>Erweitern Sie Ihr Arbeitsgebiet<\/strong><\/h3>\n<p>Dieser LAUNCH X431-Scanner kann mit kompatiblen Funktionsmodulen (separat erh\u00e4ltlich) kombiniert werden, um Ihre verschiedenen Diagnoseszenarien zu erf\u00fcllen: 1) <span style=\"color: #ff0000;\"><strong>ADAS-Kalibrierungs-Toolkit:<\/strong><\/span> Fahrerassistenzsysteme kalibrieren; 2) <span style=\"color: #ff0000;\"><strong>VSP-600 VideoScope:<\/strong><\/span> Inspizieren Sie unzug\u00e4ngliche Bereiche; 3) <span style=\"color: #ff0000;\"><strong>X431 TSGUN:<\/strong><\/span> TPMS-Funktionen mit voller Kapazit\u00e4t; 4) <span style=\"color: #ff0000;\"><strong>BTS360 Bluetooth-Batterietester:<\/strong><\/span> Testen Sie die Batterie im Fahrzeug oder au\u00dferhalb des Fahrzeugs; 5) <span style=\"color: #ff0000;\"><strong>X-PROG &amp; X-PROG3 Wegfahrsperre:<\/strong><\/span> Erweiterte Schl\u00fcsselprogrammierung &amp; IMMO-Service.<\/p>\n<p>&nbsp;<\/p>\n<h3><strong>Steigern Sie Ihre Effizienz<\/strong><\/h3>\n<p>Sehen Sie in Echtzeit, was Ihr Auto tut; Erhalten Sie Fahrzeugleistung, Sensordaten und mehr auf einen Blick! Dieser Diagnosescanner pr\u00e4sentiert den Live-Datenstrom in 3 Modi: A. <span style=\"color: #ff0000;\"><strong>Zahlen und Listen<\/strong><\/span> (Standard); B. <span style=\"color: #ff0000;\"><strong>Wellenmuster<\/strong><\/span> (max. 12 Kan\u00e4le in einem Bildschirm); C. <span style=\"color: #ff0000;\"><strong>Zusammengef\u00fchrtes Diagramm <\/strong><\/span>(max. 4 Daten k\u00f6nnen zusammengef\u00fchrt werden), damit Sie schnell erkennen k\u00f6nnen, ob sich die Daten in normalen Bedingungen, Bereichen oder nicht befinden.<\/p>\n<p>&nbsp;<\/p>\n<p>Fragen Sie sich, welche spezifischen diagnostischen Probleme Sie anfechten k\u00f6nnen? Dieses Scan-Tool bietet durchdachten direkten Zugriff auf das \u201cFeedback\u201d-Funktionsmodul, das ma\u00dfgeschneiderte Reparaturvorschl\u00e4ge von zertifizierten Fachleuten von LAUNCH liefert. Dies ist von unsch\u00e4tzbarem Wert f\u00fcr Werkst\u00e4tten, die versuchen, Probleme mit neuen Automodellen zu beheben, die erst seit kurzer Zeit auf dem Markt sind.<\/p>\n<p>&nbsp;<\/p>\n<h3><strong>Sprachen<\/strong><\/h3>\n<p>Dieses Diagnosetool ist in 25 Sprachen programmiert: <strong>Deutsch, <\/strong><strong>Englisch, Japanisch, Koreanisch, Franz\u00f6sisch, Spanisch, Portugiesisch, Italienisch, Russisch, Deutsch, Polnisch, Rum\u00e4nisch, Niederl\u00e4ndisch, Arabisch, Tschechisch, D\u00e4nisch, Griechisch, Persisch, Finnisch, Ungarisch, Schwedisch, T\u00fcrkisch, Serbisch und Kroatisch.<\/strong><\/p>\n<p>Einfache Umschaltschritte: Gehen Sie zu \u201eEinstellungen\u201c -&gt; w\u00e4hlen Sie die Sprache aus -&gt; gehen Sie zu \u201eUpgrade\u201c -&gt; laden Sie das in die ausgew\u00e4hlte Sprache \u00fcbersetzte Auto-Softwarepaket herunter und installieren Sie es. *Keine Kosten verbunden.<\/p>\n<p>&nbsp;<\/p>\n<h3><strong>Produktparameter\uff1a<\/strong><\/h3>\n<p><strong>\u00a0<\/strong>Android 9.0 OS, 8-Kern-Prozessor mit 1,8 GHz, 4 GB RAM und 64 GB ROM (128 GB erweiterbar), 10,1&#8243; HD 1920 * 1200 Touchscreen, 8 MP R\u00fcckfahr- und 5 MP Frontkamera,\u00a0 7000 mAh Akku<\/p>\n<p>Betriebsspannung: 9~36V<\/p>\n<p>Lagertemperatur: -20\u2103~70\u2103 (-4\u2109~158\u2109)<\/p>\n<p>Arbeitstemperatur: 0\u2103~50\u2103 (32\u2109~122\u2109)<\/p>\n<p>Abmessungen: 267 x 191 x 33 mm (10,51 x 7,52 x 1,30 Zoll).<\/p>\n<p>Verpackungsgr\u00f6\u00dfe: 594 * 164 * 410 mm (23,39 * 6,46 * 16,14 Zoll)<\/p>\n<p>&nbsp;<\/p>\n<p>Update\/Lizenzverl\u00e4ngerung: 570\u20ac\/Jahr<\/p>\n<p>&nbsp;<\/p>\n<p style=\"text-align: left;\" align=\"center\"><strong>Fahrzeugabdeckungsliste<\/strong><\/p>\n<p style=\"text-align: left;\" align=\"center\"><strong>\u00a0<\/strong><\/p>\n<p style=\"text-align: left;\" align=\"center\"><a href=\"https:\/\/qcar.x431.com\/qcar\/#\/pc\/index?q=e30%3D\"><strong>HIER KLICKEN<\/strong><\/a><\/p>\n<p>&nbsp;<\/p>\n","protected":false},"excerpt":{"rendered":"<p>LAUNCH X431 Diagnoseger\u00e4t PRO5 New Version 2024 Dieses Ger\u00e4t hat 2 Jahre kostenlose Updates und 1 Jahr Garantie Diagnoseger\u00e4t Aufger\u00fcstet von PRO3, J2534, CANFD, DOIP, ECU-Programmierung, Codierung, \u00fcber 50 Dienste, VAG-gef\u00fchrte Funktionen, SmartLink C 2.0 f\u00fcr Werkst\u00e4tten, \u00dcbertrifft die meisten Ihrer professionellen Anforderungen &nbsp; Fahrzeuge ver\u00e4ndern sich. Die Diagnostik wird immer komplexer. Keine Panik. Gewinnen [&hellip;]<\/p>\n","protected":false},"featured_media":3184,"comment_status":"open","ping_status":"closed","template":"","meta":[],"product_brand":[299],"product_cat":[333],"product_tag":[],"class_list":{"0":"post-4755","1":"product","2":"type-product","3":"status-publish","4":"has-post-thumbnail","6":"product_brand-launch","7":"product_cat-diagnosegerate-launch","9":"first","10":"instock","11":"shipping-taxable","12":"purchasable","13":"product-type-simple"},"_links":{"self":[{"href":"https:\/\/dev.obdwelt.de\/en\/wp-json\/wp\/v2\/product\/4755","targetHints":{"allow":["GET"]}}],"collection":[{"href":"https:\/\/dev.obdwelt.de\/en\/wp-json\/wp\/v2\/product"}],"about":[{"href":"https:\/\/dev.obdwelt.de\/en\/wp-json\/wp\/v2\/types\/product"}],"replies":[{"embeddable":true,"href":"https:\/\/dev.obdwelt.de\/en\/wp-json\/wp\/v2\/comments?post=4755"}],"wp:featuredmedia":[{"embeddable":true,"href":"https:\/\/dev.obdwelt.de\/en\/wp-json\/wp\/v2\/media\/3184"}],"wp:attachment":[{"href":"https:\/\/dev.obdwelt.de\/en\/wp-json\/wp\/v2\/media?parent=4755"}],"wp:term":[{"taxonomy":"product_brand","embeddable":true,"href":"https:\/\/dev.obdwelt.de\/en\/wp-json\/wp\/v2\/product_brand?post=4755"},{"taxonomy":"product_cat","embeddable":true,"href":"https:\/\/dev.obdwelt.de\/en\/wp-json\/wp\/v2\/product_cat?post=4755"},{"taxonomy":"product_tag","embeddable":true,"href":"https:\/\/dev.obdwelt.de\/en\/wp-json\/wp\/v2\/product_tag?post=4755"}],"curies":[{"name":"wp","href":"https:\/\/api.w.org\/{rel}","templated":true}]}}