{"id":4754,"date":"2025-03-15T00:30:05","date_gmt":"2025-03-15T00:30:05","guid":{"rendered":"https:\/\/dev.obdwelt.de\/?post_type=product&#038;p=4754"},"modified":"2025-07-04T13:00:44","modified_gmt":"2025-07-04T13:00:44","slug":"otofix-d1-bi-direktionales-kfz-diagnosegeraet-obd-ii","status":"publish","type":"product","link":"https:\/\/dev.obdwelt.de\/en\/produkt\/otofix-d1-bi-direktionales-kfz-diagnosegeraet-obd-ii\/","title":{"rendered":"OTOFIX D1 Bi-direktionales Kfz-Diagnoseger\u00e4t OBD II"},"content":{"rendered":"<h1><strong>OTOFIX D1\uff1aBi-direktionales Diagnoseger\u00e4t <\/strong><\/h1>\n<p>OTOFIX D1 ist ein leistungsstarkes bidirektionales Diagnosetool, das L\u00f6sungen aus einer Hand bietet. Vollst\u00e4ndige Systemdiagnose, umfassende Servicefunktionen, aktiver Test und Diagnose auf OE-Ebene sowie DTC-Analyse &#8211; all das k\u00f6nnen Sie tun.<\/p>\n<p><strong><u>Dieses Ger\u00e4t hat 2 Jahre kostenlose Updates und 1 Jahr Garantie<\/u><\/strong><\/p>\n<p>&nbsp;<\/p>\n<p>Fahrzeugabdeckung Link:<\/p>\n<p><span style=\"color: #2959aa;\">https:\/\/www.otofixtech.com\/vehicle-coverage\/coverage2<\/span><\/p>\n<p>&nbsp;<\/p>\n<p><strong>Haupteigenschaften: <\/strong><\/p>\n<ul>\n<li>Umfangreiche Fahrzeugabdeckung f\u00fcr etwa 53 US-amerikanische, asiatische und europ\u00e4ische Fahrzeugmodelle.<\/li>\n<li>Bi-direktionaler aktiver Test f\u00fcr das gesamte System.<\/li>\n<li>M\u00f6glichkeiten f\u00fcr Codes, Live-Daten, aktiven Test, Steuerger\u00e4te-Informationen, Anpassung, Abgleich, etc.<\/li>\n<li>Exklusive Datenbank mit Diagnose- und Reparaturtipps, erstellt von der Cloud-basierten MaxiFix Online-Community.<\/li>\n<li>Lesen\/L\u00f6schen von Codes f\u00fcr alle verf\u00fcgbaren Systeme. Anzeige von Live-Daten in Text, Grafik &amp; Analog f\u00fcr einfache Daten\u00fcberpr\u00fcfung.<\/li>\n<li>Die Auto-VIN-Technologie kann die Informationen zu Marke, Modell und Baujahr des Fahrzeugs in k\u00fcrzester Zeit automatisch identifizieren.<\/li>\n<li>Stellen Sie eine nahtlose Verbindung mit dem OTOFIX-Cloud-Service her, um Experten-Support aus der Ferne zu erhalten und Diagnoseberichte auszutauschen.<\/li>\n<li>Unterst\u00fctzt die bidirektionale Steuerung zur Durchf\u00fchrung aktiver Tests zur \u00dcberpr\u00fcfung der Funktionalit\u00e4t der Komponente.<\/li>\n<\/ul>\n<p><strong>Abonnieren Sie fortschrittliche Funktionen von Volkswagen und Audi, einschlie\u00dflich Online-Codierung, Online-IMMO und versteckte Funktionserneuerung (In-App-Kauf erforderlich)<\/strong><\/p>\n<p>OTOFix D1 unterst\u00fctzt externe Anschl\u00fcsse: USB OTG Typ-C \/ USB Host Typ-C \/ VCI \/ WiFi<\/p>\n<p>&nbsp;<\/p>\n<h3><strong>1 OTOFIX D1 Alle Systeme mit ausf\u00fchrlichen Diagnosefunktionen:<\/strong><\/h3>\n<p>&nbsp;<\/p>\n<p>OTOFIX D1 f\u00fchrt vollst\u00e4ndige Systemdiagnosen einschlie\u00dflich Funktionstests durch, ruft Fahrzeugdiagnoseinformationen (Fehlercodes), Freeze-Frame-Daten und Live-Daten f\u00fcr verschiedene Fahrzeugsteuerungssysteme (Motor, Getriebe, ABS usw.) ab. OTOFIX bietet seinen Nutzern alle wichtigen Informationen \u00fcber den Zustand des Fahrzeugs in einer leicht zug\u00e4nglichen und \u00fcbersichtlichen Form.<\/p>\n<p>&nbsp;<\/p>\n<p>1) Fehlercodes lesen\/l\u00f6schen und ECU-Informationen anzeigen\uff1a<\/p>\n<p>OTOFIX D1 kann die detaillierten spezifischen Informationen f\u00fcr das gepr\u00fcfte Steuerger\u00e4t lesen und anzeigen, einschlie\u00dflich Ger\u00e4tetyp und Versionsnummern.<\/p>\n<p>Zeigt detaillierte Informationen zu den vom Steuerger\u00e4t abgerufenen DTC-Datens\u00e4tzen an und l\u00f6scht DTC-Datens\u00e4tze und andere Daten aus dem Steuerger\u00e4t.<\/p>\n<p>2) Live-Daten:<\/p>\n<p>Ruft Live-Daten und -Parameter von der ECU des Testfahrzeugs ab und zeigt sie anstelle der vorinstallierten Informationen an.<\/p>\n<p>3) Bidirektional Aktiver Test\/Aktuator Test<\/p>\n<p>Mit dieser Funktion k\u00f6nnen bestimmte Teilsysteme und Komponenten getestet werden. Sie wird auch Aktuatorentest oder Funktionstest genannt. Mit dem bidirektionalen Aktivtest kann OTOFIX D1 interaktiv Fahrzeugger\u00e4te wie Scheibenwischer, T\u00fcrsteuerungen, Fensterheber, Klimaanlagen, Motorl\u00fcfter, Leerlaufregler usw. bedienen und testen.<\/p>\n<p>&nbsp;<\/p>\n<p>W\u00e4hrend des Aktuatortests\/Aktivtests gibt OTOFIX D1 Befehle an das Steuerger\u00e4t aus, um die Aktuatoren zu steuern und anzusteuern. Anschlie\u00dfend werden die Daten des Steuerger\u00e4ts gelesen und der Betrieb der Aktuatoren \u00fcberwacht, z. B. das Umschalten eines Injektors zwischen zwei Betriebszust\u00e4nden, um die Integrit\u00e4t des Systems oder von Teilen zu diagnostizieren. (Diese Option wird verwendet, um auf fahrzeugspezifische Subsystem- und Komponententests zuzugreifen. Die verf\u00fcgbaren Tests variieren je nach Fahrzeughersteller, -jahr und -modell).<\/p>\n<p>&nbsp;<\/p>\n<h3><strong>Umfassende Servicefunktionen<\/strong><\/h3>\n<p>1). <strong>\u00d6lservice-Reset<\/strong> &#8211; F\u00fchrt ein Reset f\u00fcr das Motor\u00f6llebensdauer-System durch, das ein optimales \u00d6lwechselintervall in Abh\u00e4ngigkeit von den Fahrbedingungen und dem Klima des Fahrzeugs berechnet, und schaltet die Warnleuchte aus;<\/p>\n<p>2). <strong>TPMS-Service<\/strong> &#8211; Schnelles Abrufen der Reifensensor-IDs aus dem Steuerger\u00e4t des Fahrzeugs sowie Durchf\u00fchrung von TPMS-Programmier- und R\u00fccksetzverfahren nach dem Austausch von Reifensensoren;<\/p>\n<p>3). <strong>EPB Service<\/strong> &#8211; Initialisieren Sie die Drosselklappenaktuatoren in den Standardzustand, um die Drosselklappe (oder den Leerlauf des Motors) genau zu regulieren;<\/p>\n<p>4). <strong>ABS\/SRS Services<\/strong> &#8211; F\u00fchrt verschiedene bidirektionale Tests durch, um die Betriebsbedingungen des Antiblockiersystems und des zus\u00e4tzlichen R\u00fcckhaltesystems zu \u00fcberpr\u00fcfen;<\/p>\n<p>5). <strong>SAS Service<\/strong> &#8211; F\u00fchrt eine Lenkwinkeleinstellung durch, l\u00f6scht den Fehlerspeicher des Lenksensors und schaltet die Lenkradwarnleuchte aus;<\/p>\n<p>6). <strong>DPF-Regenerationsservice<\/strong> &#8211; Reinigt Partikel aus dem DPF-Filter, um die Filterleistung zu stabilisieren.<\/p>\n<p>7). <strong>BMS-Service<\/strong> &#8211; F\u00fchren Sie einen Reset an der Fahrzeugbatterie durch, um die Fehlerinformationen zu l\u00f6schen und die Batterie neu einzustellen;<\/p>\n<p>8). <strong>Bremsen entl\u00fcften<\/strong> &#8211; Wenn Ihr Bremspedal weich wird und sich nicht mehr kontrollieren l\u00e4sst, kann dieses Diagnosetool bidirektionale Tests durchf\u00fchren, um das Antiblockiersystem zu \u00fcberpr\u00fcfen;<\/p>\n<p>9). <strong>IMMO Service<\/strong> &#8211; L\u00f6schen Sie die Informationen des verlorenen Autoschl\u00fcssels und programmieren Sie den neuen Schl\u00fcssel in die ECU-Datenbank, um das Auto des Benutzers vor Diebstahl zu sch\u00fctzen;<\/p>\n<p>10). <strong>Injektor-Codierung<\/strong> &#8211; Machen Sie den Zylinder besser identifizieren Injektor nach ECU oder Injektor ersetzt wird;<\/p>\n<p>11). <strong>SAS-Service<\/strong> &#8211; zur Durchf\u00fchrung der Kalibrierung des Lenkwinkelsensors und zum L\u00f6schen des Fehlerspeichers des Lenksensors;<\/p>\n<p>12). <strong>Drosselklappenanpassung<\/strong> &#8211; Initialisierung der Drosselklappenaktuatoren auf den Standardzustand f\u00fcr die genaue Regelung der Drosselklappe (oder des Leerlaufs des Motors)<\/p>\n<p>13). Scheinwerfer, Aufh\u00e4ngung, Lang Wechsel, Kilometerz\u00e4hler, Sitze, CHG Reifengr\u00f6\u00dfe, TEC lernen und WIN DR ROOF, etc<\/p>\n<p>&nbsp;<\/p>\n<h3><strong>Intelligente Anwendungen zur Erleichterung der Datenverwaltung<\/strong><\/h3>\n<p>1). Shop Manager: OTOFIX D1 kann Verwaltung und Bearbeitung der Werkstattinformationen, der Kundeninformationen und Speicherung der gepr\u00fcften Fahrzeugdaten.<\/p>\n<p>2) Datenverwaltung: OTOFIX D1 kann die gespeicherten Dateien \u00fcber eine Wifi-Verbindung speichern, drucken und versenden.<\/p>\n<p>3)Systemaktualisierung: Empf\u00e4ngt die regelm\u00e4\u00dfigen Online-Nachrichten vom Server zur Benachrichtigung \u00fcber Systemaktualisierungen oder andere Serviceinformationen.<\/p>\n<p>&nbsp;<\/p>\n<h3><strong>OTOFIX D1 Liste der unterst\u00fctzten Fahrzeuge<\/strong><\/h3>\n<p>Umfassende Fahrzeugabdeckung f\u00fcr mehr als 80 US-amerikanische, asiatische und europ\u00e4ische Fahrzeugmarken Au\u00dfergew\u00f6hnliche Systemabdeckung auf OE-Niveau f\u00fcr alle elektronischen Systeme Vollst\u00e4ndige Funktionen f\u00fcr Codes, Live-Daten, aktive Tests, ECU-Informationen, Anpassung, Abgleich usw.<\/p>\n<p><strong>1. Europ\u00e4isches Fahrzeug :<\/strong><\/p>\n<p>AUDI, BENZ, BMW, DACIA, EU-D, LANDROVER, MINI, OPEL, PEUGEOT, RENAULT, SEAT, SKODA, V-W, VOLVO, SMART, JAGUAR, BENZ SPRINTER, SAAB, FIAT, ABARTH, LANCIA, ALFA ROMEO, VAUXHALL, MAYBACH, BENTLEY, BUGATTI, PORSCHE.<\/p>\n<p><strong>2. USA Fahrzeug :<\/strong><\/p>\n<p>FORD, GM, CHRYSLER,<\/p>\n<p><strong>3. Asien Fahrzeugliste:<\/strong><\/p>\n<p>SUZUKI, KIA, DAEWOO, ISUZU, TOYOTA, SUBARU, SCION, NISSAN, MITSUBISHI, LEXUS, INFINITI, HYUNDAI, HOLDEN, HONDA, ACCURA, MAZDA.<\/p>\n<h3><strong>Spezifikationen:<\/strong><\/h3>\n<p>Verpackungsma\u00dfe (BxHxT): 33 x 10 x 26,5 cm<\/p>\n<p>Paket Gewicht: 1,71 kg<\/p>\n<p>Software-Plattform: 4x ARM Cortex-A35, 1,5GHz<\/p>\n<p>Betriebssystem: Android 9DDR: 2GBEMMC: 64GB<\/p>\n<p>Bildschirm Display: 7&#8243; LCD<\/p>\n<p>Interner Akku: 5800mAh<\/p>\n<p>Kamera: 8MP<\/p>\n<p>Wi-Fi: Wi-Fi 5<\/p>\n<p>USB-Anschluss: USB OTG Typ-C \/ USB Host Typ-C<\/p>\n<p>Bluetooth: Ja<\/p>\n<p>VCI: Ja<\/p>\n","protected":false},"excerpt":{"rendered":"<p>OTOFIX D1\uff1aBi-direktionales Diagnoseger\u00e4t OTOFIX D1 ist ein leistungsstarkes bidirektionales Diagnosetool, das L\u00f6sungen aus einer Hand bietet. Vollst\u00e4ndige Systemdiagnose, umfassende Servicefunktionen, aktiver Test und Diagnose auf OE-Ebene sowie DTC-Analyse &#8211; all das k\u00f6nnen Sie tun. Dieses Ger\u00e4t hat 2 Jahre kostenlose Updates und 1 Jahr Garantie &nbsp; Fahrzeugabdeckung Link: https:\/\/www.otofixtech.com\/vehicle-coverage\/coverage2 &nbsp; Haupteigenschaften: Umfangreiche Fahrzeugabdeckung f\u00fcr etwa [&hellip;]<\/p>\n","protected":false},"featured_media":3177,"comment_status":"open","ping_status":"closed","template":"","meta":[],"product_brand":[389],"product_cat":[387],"product_tag":[],"class_list":{"0":"post-4754","1":"product","2":"type-product","3":"status-publish","4":"has-post-thumbnail","6":"product_brand-otofix","7":"product_cat-diagnosegerate-otofix","9":"first","10":"instock","11":"shipping-taxable","12":"purchasable","13":"product-type-simple"},"_links":{"self":[{"href":"https:\/\/dev.obdwelt.de\/en\/wp-json\/wp\/v2\/product\/4754","targetHints":{"allow":["GET"]}}],"collection":[{"href":"https:\/\/dev.obdwelt.de\/en\/wp-json\/wp\/v2\/product"}],"about":[{"href":"https:\/\/dev.obdwelt.de\/en\/wp-json\/wp\/v2\/types\/product"}],"replies":[{"embeddable":true,"href":"https:\/\/dev.obdwelt.de\/en\/wp-json\/wp\/v2\/comments?post=4754"}],"wp:featuredmedia":[{"embeddable":true,"href":"https:\/\/dev.obdwelt.de\/en\/wp-json\/wp\/v2\/media\/3177"}],"wp:attachment":[{"href":"https:\/\/dev.obdwelt.de\/en\/wp-json\/wp\/v2\/media?parent=4754"}],"wp:term":[{"taxonomy":"product_brand","embeddable":true,"href":"https:\/\/dev.obdwelt.de\/en\/wp-json\/wp\/v2\/product_brand?post=4754"},{"taxonomy":"product_cat","embeddable":true,"href":"https:\/\/dev.obdwelt.de\/en\/wp-json\/wp\/v2\/product_cat?post=4754"},{"taxonomy":"product_tag","embeddable":true,"href":"https:\/\/dev.obdwelt.de\/en\/wp-json\/wp\/v2\/product_tag?post=4754"}],"curies":[{"name":"wp","href":"https:\/\/api.w.org\/{rel}","templated":true}]}}