{"id":4753,"date":"2025-03-15T00:30:05","date_gmt":"2025-03-15T00:30:05","guid":{"rendered":"https:\/\/dev.obdwelt.de\/?post_type=product&#038;p=4753"},"modified":"2025-07-04T12:27:19","modified_gmt":"2025-07-04T12:27:19","slug":"btmobile-pros-batterietester","status":"publish","type":"product","link":"https:\/\/dev.obdwelt.de\/en\/produkt\/btmobile-pros-batterietester\/","title":{"rendered":"BTMobile Pros Batterietester"},"content":{"rendered":"<p style=\"text-align: left;\">BTMobile Pros ist der neueste Batterie-Analysator von TOPDON\u00ae. Er arbeitet mit 12V-Batterien im Bereich von 100-2000 CCA. Er erf\u00fcllt au\u00dferdem die Batteriespezifikationen CCA, BCI, CA, MCA, JIS, DIN, IEC, EN, SAE und GB. Es verwendet modernste Leitf\u00e4higkeitserkennungstechnologie, um schlechte 12V-Batteriezellen zu erkennen. Es gibt leicht verst\u00e4ndliche Informationen \u00fcber den Zustand der Fahrzeugbatterie, den Ladezustand der Lichtmaschine und den Anlasserzustand aus. Die eingebaute Ultra-Safe-Funktion sch\u00fctzt vor Kurzschluss, Verpolung und \u00dcberspannung, so dass das Ger\u00e4t an jede Batterie sicher angeschlossen werden kann.<\/p>\n<p><strong>Alle Daten auf einen Blick<\/strong> System Test zeigt alle notwendigen Daten auf einen Blick<\/p>\n<p>&nbsp;<\/p>\n<p><strong>Jedes Mal die richtige Batterie finden<\/strong> Batterie-Bibliothek zeigt kompatible Batterien im Detail<\/p>\n<p>&nbsp;<\/p>\n<p><strong>Datenrekorder f\u00fcr die gesamte Lebensdauer<\/strong> Automatische Aufzeichnung aller Testergebnisse<\/p>\n<p>&nbsp;<\/p>\n<p><strong>Au\u00dfen klein, innen stark<\/strong> Erstklassiges Sicherheitsdesign f\u00fcr Ihren Seelenfrieden<\/p>\n<p>&nbsp;<\/p>\n<p><strong>\u00dcberwachung des Zustands Ihrer Autobatterie<\/strong> Verwandeln Sie Phoenix-Scanner in ein professionelles Batterietestger\u00e4t<\/p>\n<p>&nbsp;<\/p>\n<p><strong>Weitere Informationen:<\/strong><\/p>\n<p>&nbsp;<\/p>\n<p><a href=\"https:\/\/www.topdon.com\/products\/btmobile-pros\">https:\/\/www.topdon.com\/products\/btmobile-pros<\/a><\/p>\n<p>&nbsp;<\/p>\n","protected":false},"excerpt":{"rendered":"<p>BTMobile Pros ist der neueste Batterie-Analysator von TOPDON\u00ae. Er arbeitet mit 12V-Batterien im Bereich von 100-2000 CCA. Er erf\u00fcllt au\u00dferdem die Batteriespezifikationen CCA, BCI, CA, MCA, JIS, DIN, IEC, EN, SAE und GB. Es verwendet modernste Leitf\u00e4higkeitserkennungstechnologie, um schlechte 12V-Batteriezellen zu erkennen. Es gibt leicht verst\u00e4ndliche Informationen \u00fcber den Zustand der Fahrzeugbatterie, den Ladezustand der [&hellip;]<\/p>\n","protected":false},"featured_media":3173,"comment_status":"open","ping_status":"closed","template":"","meta":[],"product_brand":[293],"product_cat":[386],"product_tag":[],"class_list":{"0":"post-4753","1":"product","2":"type-product","3":"status-publish","4":"has-post-thumbnail","6":"product_brand-topdon","7":"product_cat-batterieservice","9":"first","10":"instock","11":"shipping-taxable","12":"purchasable","13":"product-type-simple"},"_links":{"self":[{"href":"https:\/\/dev.obdwelt.de\/en\/wp-json\/wp\/v2\/product\/4753","targetHints":{"allow":["GET"]}}],"collection":[{"href":"https:\/\/dev.obdwelt.de\/en\/wp-json\/wp\/v2\/product"}],"about":[{"href":"https:\/\/dev.obdwelt.de\/en\/wp-json\/wp\/v2\/types\/product"}],"replies":[{"embeddable":true,"href":"https:\/\/dev.obdwelt.de\/en\/wp-json\/wp\/v2\/comments?post=4753"}],"wp:featuredmedia":[{"embeddable":true,"href":"https:\/\/dev.obdwelt.de\/en\/wp-json\/wp\/v2\/media\/3173"}],"wp:attachment":[{"href":"https:\/\/dev.obdwelt.de\/en\/wp-json\/wp\/v2\/media?parent=4753"}],"wp:term":[{"taxonomy":"product_brand","embeddable":true,"href":"https:\/\/dev.obdwelt.de\/en\/wp-json\/wp\/v2\/product_brand?post=4753"},{"taxonomy":"product_cat","embeddable":true,"href":"https:\/\/dev.obdwelt.de\/en\/wp-json\/wp\/v2\/product_cat?post=4753"},{"taxonomy":"product_tag","embeddable":true,"href":"https:\/\/dev.obdwelt.de\/en\/wp-json\/wp\/v2\/product_tag?post=4753"}],"curies":[{"name":"wp","href":"https:\/\/api.w.org\/{rel}","templated":true}]}}