{"id":4746,"date":"2025-03-15T00:30:04","date_gmt":"2025-03-15T00:30:04","guid":{"rendered":"https:\/\/dev.obdwelt.de\/?post_type=product&#038;p=4746"},"modified":"2025-07-04T12:29:12","modified_gmt":"2025-07-04T12:29:12","slug":"topdon-phoenix-smart-kfz-diagnosegeraet-obd-tester","status":"publish","type":"product","link":"https:\/\/dev.obdwelt.de\/en\/produkt\/topdon-phoenix-smart-kfz-diagnosegeraet-obd-tester\/","title":{"rendered":"TOPDON PHOENIX SMART KFZ Diagnoseger\u00e4t \/ OBD Tester"},"content":{"rendered":"<h2><strong>TOPDON Phoenix Smart \u2013 Intelligentes Diagnoseger\u00e4t f\u00fcr moderne Fahrzeuge<\/strong><\/h2>\n<p>Der <strong>TOPDON Phoenix Smart<\/strong> geh\u00f6rt zur neuesten Generation intelligenter Diagnoseger\u00e4te von <strong>TOPDON<\/strong>. Mit einem <strong>Quad-Core-Prozessor<\/strong> und einem <strong>10,1-Zoll-HD-Touchscreen<\/strong> ausgestattet, erm\u00f6glicht dieses Ger\u00e4t eine schnelle und pr\u00e4zise Diagnose von Fehlercodes. Der leistungsstarke <strong>12600mAh-Akku<\/strong> sorgt f\u00fcr den ganzt\u00e4gigen Betrieb ohne Leistungsverlust. Dieses Ger\u00e4t unterst\u00fctzt <strong>Cloud-basierte Programmierung<\/strong> f\u00fcr \u00fcber <strong>13 Automarken<\/strong> und bietet in Kombination mit dem <strong>MDCI Pro<\/strong> umfassende Abdeckung, intelligente Diagnosen und erweiterte Wartungsfunktionen.<\/p>\n<p><strong>Breite Fahrzeugabdeckung und umfassende Datenbank<\/strong><\/p>\n<p>Der <strong>Phoenix Smart<\/strong> unterst\u00fctzt die vollst\u00e4ndige Systemdiagnose f\u00fcr \u00fcber <strong>200 Fahrzeugmarken<\/strong> weltweit, einschlie\u00dflich asiatischer, amerikanischer und europ\u00e4ischer Modelle. Diagnosen auf <strong>OE-Niveau<\/strong> sind f\u00fcr g\u00e4ngige Fahrzeughersteller m\u00f6glich.<\/p>\n<p><strong>Programmierfunktionen und Online-Codierung<\/strong><\/p>\n<p>Mit dem <strong>Phoenix Smart<\/strong> erhalten Sie <strong>Online-Codierfunktionen<\/strong> f\u00fcr Audi, BMW, Porsche und viele weitere Hersteller. Zus\u00e4tzlich unterst\u00fctzt das Ger\u00e4t <strong>Cloud-basierte Programmierung<\/strong> f\u00fcr \u00fcber <strong>13 Automarken<\/strong>, darunter Mercedes-Benz, VW, Nissan, Subaru, und viele mehr.<\/p>\n<p><strong>Schl\u00fcsselprogrammierung und ECU-Zugriff<\/strong><\/p>\n<p>In Kombination mit der <strong>TNJ Box<\/strong> erm\u00f6glicht der <strong>Phoenix Smart<\/strong> eine pr\u00e4zise <strong>Schl\u00fcsselprogrammierung<\/strong> und den Zugriff auf ECU-Funktionen.<\/p>\n<p><strong>MDCI Pro f\u00fcr umfassende Abdeckung<\/strong><\/p>\n<p>Das im Lieferumfang enthaltene <strong>Phoenix MDCI Pro<\/strong> unterst\u00fctzt Protokolle wie <strong>J2534, DoIP, CanFD, D-PDU<\/strong> und <strong>RP1210<\/strong>, was eine OE-Level-Abdeckung und erweiterte Diagnosem\u00f6glichkeiten f\u00fcr moderne Fahrzeuge gew\u00e4hrleistet.<\/p>\n<p><strong>Gef\u00fchrte Verfahren f\u00fcr einfache Bedienung<\/strong><\/p>\n<p>Der <strong>Phoenix Smart<\/strong> bietet Schritt-f\u00fcr-Schritt-gef\u00fchrte Verfahren, die den Reparaturprozess rationalisieren und besonders n\u00fctzlich f\u00fcr Fahrzeuge der Marken VW, Audi, Skoda und SEAT sind.<\/p>\n<p><strong>Topologie-Abbildung und umfassende Fehlerdiagnose<\/strong><\/p>\n<p>Dank der <strong>Topologie-Abbildung<\/strong> k\u00f6nnen Techniker den gesamten Status des Fahrzeugsystems auf einem Bildschirm \u00fcberwachen und gezielt auf die jeweiligen Probleme reagieren.<\/p>\n<p><strong>Zugang zum FCA-Gateway<\/strong><\/p>\n<p>Der <strong>Phoenix Smart<\/strong> unterst\u00fctzt den <strong>FCA-Gateway-Zugang<\/strong>, wodurch Nutzer Zugriff auf gesch\u00fctzte Funktionen moderner Fahrzeuge erhalten und komplexe Reparaturen durchf\u00fchren k\u00f6nnen.<\/p>\n<p><strong>Erweiterte Funktionen und Anpassungen<\/strong><\/p>\n<p>Dieses Diagnoseger\u00e4t erm\u00f6glicht es den Benutzern, spezielle Funktionen und Einstellungen im Fahrzeug freizuschalten, darunter <strong>Video-In-Motion<\/strong>, <strong>Deaktivierung des Sicherheitsgurt-Warnsignals<\/strong> und viele weitere n\u00fctzliche Funktionen f\u00fcr Marken wie Audi, VW, BMW und Porsche.<\/p>\n<p><strong>Kompatibel mit ADAS<\/strong><\/p>\n<p>In Kombination mit dem <strong>Phoenix ADAS Mobile Package<\/strong> bietet der <strong>Phoenix Smart<\/strong> umfassende ADAS-Dienste f\u00fcr die Kalibrierung moderner Fahrassistenzsysteme.<\/p>\n<h3><strong>LKW Freischaltung<br \/>\n<\/strong><\/h3>\n<p>kann separat erworben werden:<br \/>\n<a href=\"https:\/\/www.ml24.shop\/p\/topdon-hd-lkw-freischaltung\">https:\/\/www.ml24.shop\/p\/topdon-hd-lkw-freischaltung<\/a><\/p>\n<h3><strong>Fahrzeugabdeckungsliste:<br \/>\n<\/strong><a href=\"https:\/\/www.topdon.com\/pages\/support-diagnostic-tool\"><span style=\"color: #1b48b7;\">https:\/\/www.topdon.com\/pages\/support-diagnostic-tool<\/span><\/a><\/h3>\n<p><a href=\"https:\/\/autocarsoftware.com\/AlldataOnlineV1.2.apk\">APK f\u00fcr AlldataOnline<\/a><\/p>\n<p>&nbsp;<\/p>\n<p>&nbsp;<\/p>\n","protected":false},"excerpt":{"rendered":"<p>TOPDON Phoenix Smart \u2013 Intelligentes Diagnoseger\u00e4t f\u00fcr moderne Fahrzeuge Der TOPDON Phoenix Smart geh\u00f6rt zur neuesten Generation intelligenter Diagnoseger\u00e4te von TOPDON. Mit einem Quad-Core-Prozessor und einem 10,1-Zoll-HD-Touchscreen ausgestattet, erm\u00f6glicht dieses Ger\u00e4t eine schnelle und pr\u00e4zise Diagnose von Fehlercodes. Der leistungsstarke 12600mAh-Akku sorgt f\u00fcr den ganzt\u00e4gigen Betrieb ohne Leistungsverlust. Dieses Ger\u00e4t unterst\u00fctzt Cloud-basierte Programmierung f\u00fcr \u00fcber [&hellip;]<\/p>\n","protected":false},"featured_media":3137,"comment_status":"open","ping_status":"closed","template":"","meta":[],"product_brand":[293],"product_cat":[329],"product_tag":[],"class_list":{"0":"post-4746","1":"product","2":"type-product","3":"status-publish","4":"has-post-thumbnail","6":"product_brand-topdon","7":"product_cat-diagnosegerate-topdon","9":"first","10":"instock","11":"featured","12":"shipping-taxable","13":"purchasable","14":"product-type-variable"},"_links":{"self":[{"href":"https:\/\/dev.obdwelt.de\/en\/wp-json\/wp\/v2\/product\/4746","targetHints":{"allow":["GET"]}}],"collection":[{"href":"https:\/\/dev.obdwelt.de\/en\/wp-json\/wp\/v2\/product"}],"about":[{"href":"https:\/\/dev.obdwelt.de\/en\/wp-json\/wp\/v2\/types\/product"}],"replies":[{"embeddable":true,"href":"https:\/\/dev.obdwelt.de\/en\/wp-json\/wp\/v2\/comments?post=4746"}],"wp:featuredmedia":[{"embeddable":true,"href":"https:\/\/dev.obdwelt.de\/en\/wp-json\/wp\/v2\/media\/3137"}],"wp:attachment":[{"href":"https:\/\/dev.obdwelt.de\/en\/wp-json\/wp\/v2\/media?parent=4746"}],"wp:term":[{"taxonomy":"product_brand","embeddable":true,"href":"https:\/\/dev.obdwelt.de\/en\/wp-json\/wp\/v2\/product_brand?post=4746"},{"taxonomy":"product_cat","embeddable":true,"href":"https:\/\/dev.obdwelt.de\/en\/wp-json\/wp\/v2\/product_cat?post=4746"},{"taxonomy":"product_tag","embeddable":true,"href":"https:\/\/dev.obdwelt.de\/en\/wp-json\/wp\/v2\/product_tag?post=4746"}],"curies":[{"name":"wp","href":"https:\/\/api.w.org\/{rel}","templated":true}]}}