{"id":4729,"date":"2025-03-15T00:30:02","date_gmt":"2025-03-15T00:30:02","guid":{"rendered":"https:\/\/dev.obdwelt.de\/?post_type=product&#038;p=4729"},"modified":"2025-07-18T23:23:08","modified_gmt":"2025-07-18T23:23:08","slug":"koch-achsvermessung-hd-10-easy-touch-zur-messung-von-pkw-gelaendewagen-und-transportern","status":"publish","type":"product","link":"https:\/\/dev.obdwelt.de\/en\/produkt\/koch-achsvermessung-hd-10-easy-touch-zur-messung-von-pkw-gelaendewagen-und-transportern\/","title":{"rendered":"Koch Achsvermessung HD-10 Easy Touch zur messung von PKW, Gel\u00e4ndewagen und Transportern"},"content":{"rendered":"<h2>Achsvermessung leicht gemacht<\/h2>\n<p>Unsere Achsmessger\u00e4te f\u00fcr PKW und Transporter \u2013 Vertrauen Sie der idealen L\u00f6sung f\u00fcr die Achsvermessung bei Kraftfahrzeugen von Europas f\u00fchrendem Hersteller f\u00fcr Achsmessanlagen. Alle Vorderachsmessungen k\u00f6nnen inklusive R\u00fcstzeit innerhalb von 10 Minuten durchgef\u00fchrt werden.<\/p>\n<p>Die HD-10 EasyTouch Achsmessanlage ist f\u00fcr alle Fahrzeugtypen universell einsetzbar. Die Messung wird im Fahrzustand durchgef\u00fchrt. Es ist kein Anheben erforderlich. Deshalb k\u00f6nnen auch exakte Ergebnisse bei Fahrzeugen mit Einzelradaufh\u00e4ngung erzielt werden.<\/p>\n<p>Der Einsatz des Achsmessger\u00e4tes ist auf dem Werkstattboden (bei entsprechender Fahrzeugh\u00f6he), auf der Arbeitsgrube oder einer 4-S\u00e4ulen-B\u00fchne auch ohne, den von uns hergestellten Absetzbr\u00fccken, m\u00f6glich.<\/p>\n<p>14\u2033 \u2013 22\u2033 Felgen von PKW, SUV\u2019s, Van\u2019s und Transporter k\u00f6nnen mit dem Basisger\u00e4t HD-10 EasyTouch gemessen und eingestellt werden. (Sondergr\u00f6\u00dfen siehe Zubeh\u00f6r)<\/p>\n<p>Schnelle Messung von Spur, Sturz, Spur-Differenzwinkel, Nachlauf, Spreizung, Lenkrad-Mittelstellung und Achsschr\u00e4gstand<\/p>\n<p>&nbsp;<\/p>\n<h2>Lieferumfang<\/h2>\n<p>2 St\u00fcck Lasermessk\u00f6pfe<br \/>\n1 St\u00fcck Spurskale<br \/>\n2 St\u00fcck befahrbare Drehplatten<\/p>\n<p>1 St\u00fcck elektronischer Inklinometer<br \/>\n2 St\u00fcck Hinterachs-Einh\u00e4ngeskalen<br \/>\n2 St\u00fcck Wandhalter<\/p>\n<p>1 St\u00fcck Lenkradfeststeller<br \/>\n1 Bedienungsanleitung inkl. DVD<\/p>\n<p>&nbsp;<\/p>\n<p>Weitere Artikel in der Produktauswahl<\/p>\n","protected":false},"excerpt":{"rendered":"<p>Achsvermessung leicht gemacht Unsere Achsmessger\u00e4te f\u00fcr PKW und Transporter \u2013 Vertrauen Sie der idealen L\u00f6sung f\u00fcr die Achsvermessung bei Kraftfahrzeugen von Europas f\u00fchrendem Hersteller f\u00fcr Achsmessanlagen. Alle Vorderachsmessungen k\u00f6nnen inklusive R\u00fcstzeit innerhalb von 10 Minuten durchgef\u00fchrt werden. Die HD-10 EasyTouch Achsmessanlage ist f\u00fcr alle Fahrzeugtypen universell einsetzbar. Die Messung wird im Fahrzustand durchgef\u00fchrt. Es ist [&hellip;]<\/p>\n","protected":false},"featured_media":3080,"comment_status":"open","ping_status":"closed","template":"","meta":[],"product_brand":[],"product_cat":[84],"product_tag":[],"class_list":{"0":"post-4729","1":"product","2":"type-product","3":"status-publish","4":"has-post-thumbnail","6":"product_cat-werkzeug-und-werkstattausruestung","8":"first","9":"instock","10":"shipping-taxable","11":"purchasable","12":"product-type-variable"},"_links":{"self":[{"href":"https:\/\/dev.obdwelt.de\/en\/wp-json\/wp\/v2\/product\/4729","targetHints":{"allow":["GET"]}}],"collection":[{"href":"https:\/\/dev.obdwelt.de\/en\/wp-json\/wp\/v2\/product"}],"about":[{"href":"https:\/\/dev.obdwelt.de\/en\/wp-json\/wp\/v2\/types\/product"}],"replies":[{"embeddable":true,"href":"https:\/\/dev.obdwelt.de\/en\/wp-json\/wp\/v2\/comments?post=4729"}],"wp:featuredmedia":[{"embeddable":true,"href":"https:\/\/dev.obdwelt.de\/en\/wp-json\/wp\/v2\/media\/3080"}],"wp:attachment":[{"href":"https:\/\/dev.obdwelt.de\/en\/wp-json\/wp\/v2\/media?parent=4729"}],"wp:term":[{"taxonomy":"product_brand","embeddable":true,"href":"https:\/\/dev.obdwelt.de\/en\/wp-json\/wp\/v2\/product_brand?post=4729"},{"taxonomy":"product_cat","embeddable":true,"href":"https:\/\/dev.obdwelt.de\/en\/wp-json\/wp\/v2\/product_cat?post=4729"},{"taxonomy":"product_tag","embeddable":true,"href":"https:\/\/dev.obdwelt.de\/en\/wp-json\/wp\/v2\/product_tag?post=4729"}],"curies":[{"name":"wp","href":"https:\/\/api.w.org\/{rel}","templated":true}]}}