{"id":4726,"date":"2025-03-15T00:30:02","date_gmt":"2025-03-15T00:30:02","guid":{"rendered":"https:\/\/dev.obdwelt.de\/?post_type=product&#038;p=4726"},"modified":"2025-07-04T12:34:02","modified_gmt":"2025-07-04T12:34:02","slug":"artidiag-800-bt2-diagnosegeraet-2024-new-version","status":"publish","type":"product","link":"https:\/\/dev.obdwelt.de\/en\/produkt\/artidiag-800-bt2-diagnosegeraet-2024-new-version\/","title":{"rendered":"ArtiDiag 800 BT2 Diagnoseger\u00e4t 2024 New Version"},"content":{"rendered":"<h2><strong>ArtiDiag800 BT 2 Diagnoseger\u00e4t 2024 New Version<\/strong><\/h2>\n<p>Das <strong>ArtiDiag800 BT 2<\/strong> ist das neueste <strong>Diagnosesystem<\/strong> von <strong>TOPDON<\/strong>, entwickelt f\u00fcr umfassende Fahrzeugdiagnosen und Servicearbeiten. Ausgestattet mit <strong>28 Servicefunktionen<\/strong> und einer breiten Fahrzeugkompatibilit\u00e4t, ist dieses Diagnoseger\u00e4t ideal f\u00fcr erfahrene Hobbyschrauber und private Anwender. Mit Unterst\u00fctzung f\u00fcr \u00fcber <strong>100 Fahrzeugmarken weltweit<\/strong> bietet das ArtiDiag800 BT umfassende Systemdiagnosen und Zugang zu allen wichtigen Subsystemen. Unterst\u00fctzt das CanFD Protokoll.<\/p>\n<p>Das benutzerfreundliche, ergonomische Design sowie die M\u00f6glichkeit der Nutzung in mehreren Sprachen, einschlie\u00dflich Deutsch, machen es zum perfekten Werkzeug. Beachten Sie jedoch, dass einige Inhalte m\u00f6glicherweise in Englisch angezeigt werden.<\/p>\n<h3><strong>Wichtige Merkmale des ArtiDiag800 BT 2:<\/strong><\/h3>\n<ul>\n<li><strong>28 Servicefunktionen<\/strong>: Bieten Ihnen Zugang zu wesentlichen Diagnose- und Wartungsoptionen, einschlie\u00dflich Luft-\/Kraftstoffgemisch-Adaption, \u00d6lservice, Bremsenr\u00fcckstellung und vielem mehr.<\/li>\n<li><strong>Breite Fahrzeugabdeckung<\/strong>: Unterst\u00fctzt \u00fcber <strong>100 Marken und Modelle weltweit<\/strong>, was es zu einem universellen Diagnosewerkzeug macht.<\/li>\n<li><strong>Ergonomisches Design<\/strong>: Das Ger\u00e4t ist einfach zu bedienen und transportieren, ideal f\u00fcr mobile Diagnosen.<\/li>\n<li><b>2 Jahre Software Lizenz<\/b><\/li>\n<li><strong>1 Jahr Garantie<\/strong><\/li>\n<\/ul>\n<h3><strong>28 Servicefunktionen:<\/strong><\/h3>\n<ul>\n<li>Luft-\/Kraftstoffgemisch-Adaption<\/li>\n<li>Bremsenr\u00fcckstellung<\/li>\n<li>\u00d6lservice &amp; Inspektion<\/li>\n<li>Lenkwinkelsensor<\/li>\n<li>Batteriewechsel<\/li>\n<li>Bremsenentl\u00fcftung<\/li>\n<li>Drosselklappensteuerung<\/li>\n<li>Reifendruck-Kontrollsystem (TPMS)<\/li>\n<li>Dieselpartikelfilter-Regeneration<\/li>\n<li>ADBlue-R\u00fcckstellung<\/li>\n<li>Adaptives Fahrlichtsystem<\/li>\n<li>Airbag<\/li>\n<li>K\u00fchlsystem-Entl\u00fcftung<\/li>\n<li>Abgasr\u00fcckf\u00fchrung<\/li>\n<li>Kurbelwellensensor<\/li>\n<li>Getriebeadaption<\/li>\n<li>Wegfahrsperre (IMMO)<\/li>\n<li>Injektorcodierung<\/li>\n<li>Spracheinstellung<\/li>\n<li>Nox-Sensor-Adaption<\/li>\n<li>Odometer<\/li>\n<li>Schiebedach-Steuerung<\/li>\n<li>Fahrwerkskalibrierung<\/li>\n<li>Elektronische Sitzverstellung<\/li>\n<li>Start\/Stop-Deaktivierung<\/li>\n<li>\u00c4nderung Radumfang<\/li>\n<li>Transportmodus-Aktivierung<\/li>\n<li>Fensterheber-Initialisierung<\/li>\n<\/ul>\n<h3><strong>Unterst\u00fctzte Sprachen:<\/strong><\/h3>\n<p>Das ArtiDiag800 BT 2 unterst\u00fctzt <strong>Englisch, Deutsch, Franz\u00f6sisch, Spanisch, Portugiesisch, Italienisch, Russisch<\/strong>, und viele weitere Sprachen, was es zu einem vielseitigen Tool f\u00fcr verschiedene M\u00e4rkte macht.<\/p>\n<h3><strong>Technische Spezifikationen:<\/strong><\/h3>\n<ul>\n<li><strong>Display<\/strong>: 6 -Zoll-Touchscreen, 720\u00d71440<\/li>\n<li><strong>Akku<\/strong>: 5050 mAh<\/li>\n<li><strong>Betriebsspannung<\/strong>: 5V<\/li>\n<li><strong>Prozessor<\/strong>: Leistungsstarker Quad-Core-Prozessor 1.8 Ghz<\/li>\n<li><strong>RAM\/ROM<\/strong>: 2GB\/64 GB<\/li>\n<li><strong>Bluetooth VCI-Anschluss<\/strong>: Betriebsspannung 12V, Max. Stromst\u00e4rke 60mA<\/li>\n<li><strong>Android 10\u00a0<\/strong><\/li>\n<\/ul>\n<h3><strong>Lieferumfang:<\/strong><\/h3>\n<ul>\n<li>1x <strong>Haupteinheit ArtiDiag 800 BT 2<\/strong><\/li>\n<li>1x <strong>Bluetooth VCI-Anschluss<\/strong><\/li>\n<li>1x <strong>Netzteil<\/strong><\/li>\n<li>1x <strong>USB-Kabel<\/strong><\/li>\n<li>1x <strong>Passwort Umschlag<\/strong><\/li>\n<li>1x <strong>Benutzerhandbuch<\/strong><\/li>\n<\/ul>\n<h3><strong>Fahrzeugabdeckungsliste:<br \/>\n<\/strong><a href=\"https:\/\/www.topdon.com\/pages\/support-diagnostic-tool\"><strong>https:\/\/www.topdon.com\/pages\/support-diagnostic-tool<\/strong><\/a><\/h3>\n","protected":false},"excerpt":{"rendered":"<p>ArtiDiag800 BT 2 Diagnoseger\u00e4t 2024 New Version Das ArtiDiag800 BT 2 ist das neueste Diagnosesystem von TOPDON, entwickelt f\u00fcr umfassende Fahrzeugdiagnosen und Servicearbeiten. Ausgestattet mit 28 Servicefunktionen und einer breiten Fahrzeugkompatibilit\u00e4t, ist dieses Diagnoseger\u00e4t ideal f\u00fcr erfahrene Hobbyschrauber und private Anwender. Mit Unterst\u00fctzung f\u00fcr \u00fcber 100 Fahrzeugmarken weltweit bietet das ArtiDiag800 BT umfassende Systemdiagnosen und [&hellip;]<\/p>\n","protected":false},"featured_media":3071,"comment_status":"open","ping_status":"closed","template":"","meta":[],"product_brand":[293],"product_cat":[329],"product_tag":[],"class_list":{"0":"post-4726","1":"product","2":"type-product","3":"status-publish","4":"has-post-thumbnail","6":"product_brand-topdon","7":"product_cat-diagnosegerate-topdon","9":"first","10":"instock","11":"shipping-taxable","12":"purchasable","13":"product-type-simple"},"_links":{"self":[{"href":"https:\/\/dev.obdwelt.de\/en\/wp-json\/wp\/v2\/product\/4726","targetHints":{"allow":["GET"]}}],"collection":[{"href":"https:\/\/dev.obdwelt.de\/en\/wp-json\/wp\/v2\/product"}],"about":[{"href":"https:\/\/dev.obdwelt.de\/en\/wp-json\/wp\/v2\/types\/product"}],"replies":[{"embeddable":true,"href":"https:\/\/dev.obdwelt.de\/en\/wp-json\/wp\/v2\/comments?post=4726"}],"wp:featuredmedia":[{"embeddable":true,"href":"https:\/\/dev.obdwelt.de\/en\/wp-json\/wp\/v2\/media\/3071"}],"wp:attachment":[{"href":"https:\/\/dev.obdwelt.de\/en\/wp-json\/wp\/v2\/media?parent=4726"}],"wp:term":[{"taxonomy":"product_brand","embeddable":true,"href":"https:\/\/dev.obdwelt.de\/en\/wp-json\/wp\/v2\/product_brand?post=4726"},{"taxonomy":"product_cat","embeddable":true,"href":"https:\/\/dev.obdwelt.de\/en\/wp-json\/wp\/v2\/product_cat?post=4726"},{"taxonomy":"product_tag","embeddable":true,"href":"https:\/\/dev.obdwelt.de\/en\/wp-json\/wp\/v2\/product_tag?post=4726"}],"curies":[{"name":"wp","href":"https:\/\/api.w.org\/{rel}","templated":true}]}}