{"id":4706,"date":"2025-03-15T00:29:49","date_gmt":"2025-03-15T00:29:49","guid":{"rendered":"https:\/\/dev.obdwelt.de\/?post_type=product&#038;p=4706"},"modified":"2025-07-15T11:50:49","modified_gmt":"2025-07-15T11:50:49","slug":"mittmannlive-support-1-jahr-fuer-meine-youtube-abonnenten","status":"publish","type":"product","link":"https:\/\/dev.obdwelt.de\/en\/produkt\/mittmannlive-support-1-jahr-fuer-meine-youtube-abonnenten\/","title":{"rendered":"MittmannLive SUPPORT 1 JAHR F\u00fcr meine YouTube Abonnenten"},"content":{"rendered":"<p>HABEN SIE IHR DIAGNOSEGER\u00c4T NICHT BEI UNS GEKAUFT???<\/p>\n<p>&nbsp;<\/p>\n<p>WOLLEN ABER TROTZDEM VON UNS BETREUT WERDEN???<\/p>\n<p>&nbsp;<\/p>\n<p>BEN\u00d6TIGEN SIE TECHNISCHE DATEN UND TECHNISCHE INFORMATIONEN z.Bsp. ANLEITUNG F\u00dcR DEN ZAHNRIEMENWECHSEL, SCHALTPL\u00c4NE USW.<\/p>\n<p>&nbsp;<\/p>\n<p>DANNN KAUFEN SIE UNSEREN SUPPORT f\u00fcr 1 Jahr \/ Sie werden es nicht bereuen<\/p>\n<p>&nbsp;<\/p>\n<p>Nach dem Kauf k\u00f6nnen Sie uns per WhatsApp unter der folgenden Nummer anschreiben: 074466630229<\/p>\n<p>Bitte vergessen Sie nicht Ihre Bestellnummer anzugeben.<\/p>\n","protected":false},"excerpt":{"rendered":"<p>HABEN SIE IHR DIAGNOSEGER\u00c4T NICHT BEI UNS GEKAUFT??? &nbsp; WOLLEN ABER TROTZDEM VON UNS BETREUT WERDEN??? &nbsp; BEN\u00d6TIGEN SIE TECHNISCHE DATEN UND TECHNISCHE INFORMATIONEN z.Bsp. ANLEITUNG F\u00dcR DEN ZAHNRIEMENWECHSEL, SCHALTPL\u00c4NE USW. &nbsp; DANNN KAUFEN SIE UNSEREN SUPPORT f\u00fcr 1 Jahr \/ Sie werden es nicht bereuen &nbsp; Nach dem Kauf k\u00f6nnen Sie uns per WhatsApp [&hellip;]<\/p>\n","protected":false},"featured_media":2990,"comment_status":"open","ping_status":"closed","template":"","meta":[],"product_brand":[300],"product_cat":[390,391,338,97],"product_tag":[],"class_list":{"0":"post-4706","1":"product","2":"type-product","3":"status-publish","4":"has-post-thumbnail","6":"product_brand-mittmannlive","7":"product_cat-diagnosegerate-obd","8":"product_cat-diagnosegeraete-updates","9":"product_cat-diagnosegerate-mittmannlive","10":"product_cat-schluesselprogrammierer","12":"first","13":"instock","14":"virtual","15":"purchasable","16":"product-type-simple"},"_links":{"self":[{"href":"https:\/\/dev.obdwelt.de\/en\/wp-json\/wp\/v2\/product\/4706","targetHints":{"allow":["GET"]}}],"collection":[{"href":"https:\/\/dev.obdwelt.de\/en\/wp-json\/wp\/v2\/product"}],"about":[{"href":"https:\/\/dev.obdwelt.de\/en\/wp-json\/wp\/v2\/types\/product"}],"replies":[{"embeddable":true,"href":"https:\/\/dev.obdwelt.de\/en\/wp-json\/wp\/v2\/comments?post=4706"}],"wp:featuredmedia":[{"embeddable":true,"href":"https:\/\/dev.obdwelt.de\/en\/wp-json\/wp\/v2\/media\/2990"}],"wp:attachment":[{"href":"https:\/\/dev.obdwelt.de\/en\/wp-json\/wp\/v2\/media?parent=4706"}],"wp:term":[{"taxonomy":"product_brand","embeddable":true,"href":"https:\/\/dev.obdwelt.de\/en\/wp-json\/wp\/v2\/product_brand?post=4706"},{"taxonomy":"product_cat","embeddable":true,"href":"https:\/\/dev.obdwelt.de\/en\/wp-json\/wp\/v2\/product_cat?post=4706"},{"taxonomy":"product_tag","embeddable":true,"href":"https:\/\/dev.obdwelt.de\/en\/wp-json\/wp\/v2\/product_tag?post=4706"}],"curies":[{"name":"wp","href":"https:\/\/api.w.org\/{rel}","templated":true}]}}