{"id":4703,"date":"2025-03-15T00:29:48","date_gmt":"2025-03-15T00:29:48","guid":{"rendered":"https:\/\/dev.obdwelt.de\/?post_type=product&#038;p=4703"},"modified":"2025-07-04T12:42:35","modified_gmt":"2025-07-04T12:42:35","slug":"launch-x431-pro3-apex-diagnosegeraet","status":"publish","type":"product","link":"https:\/\/dev.obdwelt.de\/en\/produkt\/launch-x431-pro3-apex-diagnosegeraet\/","title":{"rendered":"Launch X431 PRO3 APEX Diagnoseger\u00e4t"},"content":{"rendered":"<h1>Launch X431 PRO3 APEX Diagnoseger\u00e4t<\/h1>\n<p><strong><u>Dieses Ger\u00e4t hat 2 Jahre kostenlose Updates und 2 Jahre Garantie<\/u><\/strong><\/p>\n<p><u>Alle Ger\u00e4te sind in der deutschen Sprache, dennoch kann es vorkommen, dass manche Funktionen in Englisch angezeigt werden.<\/u><\/p>\n<p>&nbsp;<\/p>\n<h3><strong>H\u00e4ufig Verwendete Servicefunktionen<\/strong><\/h3>\n<p><strong>\u00d6LSERVICE- <\/strong>Setzen Sie den \u00d6lservice nach einem \u00d6lwechsel, bei Ihrem Fahrzeug zur\u00fcck<\/p>\n<p><strong>INJEKTORKODIERUNG- <\/strong>Codieren der Injektoren,nach dem austausch<\/p>\n<p><strong>EPB-RESET- <\/strong>Elektronische Parkbremse Zur\u00fccksetzen<\/p>\n<p><strong>SAS-RESET- <\/strong>Kalibrierung des Lenkwinkelsensors durchf\u00fchren und Aufzeichnungen l\u00f6schen<\/p>\n<p><strong>BAT-RESET- <\/strong>Batterieladezustand auswerten, Ruhestrom \u00fcberwachen, Batteriewechsel registrieren etc.<\/p>\n<p><strong>ABS-ENTL\u00dcFTUNG-<\/strong>Entl\u00fcften Sie das ABS Bremssystem, um einen sicheren Betrieb der Bremsanlage zu gew\u00e4hrleisten<\/p>\n<p><strong>DROSSELKLAPPE- <\/strong>Initialisieren Sie die Drossellklappenstellglieder, so dass die in der ECU gespeicherten \u201egelernten\u201c Werte auf den Standardzustand zur\u00fcckgesetzt werden<\/p>\n<p><strong>RDKS RESET- <\/strong>Das Zur\u00fccksetzen des Reifendrucks muss nach der Wartung durchgef\u00fchrt werden<\/p>\n<p><strong>DPF REGENERIEREN- <\/strong>Dieses Diagnoseger\u00e4t kann die DPF-Regeneration einleiten<\/p>\n<p><strong>GETRIEBEADAPTION- <\/strong>Zur\u00fccksetzten der Getriebe Adaptionswerte. Nach einem Getriebereset passt sich das Getriebe Ihrem Fahrverhalten<\/p>\n<h3><strong>\u00a0<\/strong><\/h3>\n<h3><strong>ECU-Codierung<\/strong><\/h3>\n<p>Die Codierungsfunktion wird verwendet, um die Fahrzeugsteuermodule neu zu flashen, sie erm\u00f6glicht Ihnen, adaptive Daten f\u00fcr bestimmte Komponenten nach Reparaturen oder Austausch neu zu programmieren.<\/p>\n<h3><strong>\u00a0<\/strong><\/h3>\n<h3><strong>Aktiver Test<\/strong><\/h3>\n<p>Der aktive Test dient zum Testen von Ausgangselementen. Sie k\u00f6nnen herausfinden, ob ein bestimmtes Subsystem oder eine bestimmte Komponente in Ihrem Auto gut funktioniert oder nicht, indem Sie dieses Tool verwenden, um die Testerausg\u00e4nge zum Funktionieren zu bringen, anstatt den Z\u00fcndstatus zu \u00fcberpr\u00fcfen.<\/p>\n<p style=\"text-align: left;\" align=\"center\">Dieses Diagnosetool unterst\u00fctzt aktive Tests (bidirektionale Steuerung), um Informationen anzufordern oder ein Modul anzuweisen, bestimmte Tests und Funktionen auszuf\u00fchren. Beispielsweise k\u00f6nnen Sie im Fall von OBD II-generischem Informationsmodus 1 eine Informationsanforderung vom Antriebsstrangsteuermodul initiieren, und das PCM antwortet, indem es die Informationen zur Anzeige an das Scan-Tool zur\u00fccksendet. Dieser LAUNCH X431 PRO3 APEX kann auch Relais, Einspritzd\u00fcsen, Spulen bet\u00e4tigen oder Systemtests usw. durchf\u00fchren.<\/p>\n<p style=\"text-align: left;\" align=\"center\"><strong>\u00a0<\/strong><\/p>\n<h3 style=\"text-align: left;\"><strong>Fahrzeugabdeckungsliste<\/strong><\/h3>\n<p style=\"text-align: left;\" align=\"center\"><a href=\"https:\/\/qcar.x431.com\/qcar\/#\/pc\/index?q=e30%3D\"><strong>HIER KLICKEN<\/strong><\/a><\/p>\n<p style=\"text-align: center;\"><strong>\u00a0<\/strong><\/p>\n<p style=\"text-align: center;\">\n","protected":false},"excerpt":{"rendered":"<p>Launch X431 PRO3 APEX Diagnoseger\u00e4t Dieses Ger\u00e4t hat 2 Jahre kostenlose Updates und 2 Jahre Garantie Alle Ger\u00e4te sind in der deutschen Sprache, dennoch kann es vorkommen, dass manche Funktionen in Englisch angezeigt werden. &nbsp; H\u00e4ufig Verwendete Servicefunktionen \u00d6LSERVICE- Setzen Sie den \u00d6lservice nach einem \u00d6lwechsel, bei Ihrem Fahrzeug zur\u00fcck INJEKTORKODIERUNG- Codieren der Injektoren,nach dem [&hellip;]<\/p>\n","protected":false},"featured_media":2984,"comment_status":"open","ping_status":"closed","template":"","meta":[],"product_brand":[299],"product_cat":[333],"product_tag":[],"class_list":{"0":"post-4703","1":"product","2":"type-product","3":"status-publish","4":"has-post-thumbnail","6":"product_brand-launch","7":"product_cat-diagnosegerate-launch","9":"first","10":"instock","11":"shipping-taxable","12":"purchasable","13":"product-type-simple"},"_links":{"self":[{"href":"https:\/\/dev.obdwelt.de\/en\/wp-json\/wp\/v2\/product\/4703","targetHints":{"allow":["GET"]}}],"collection":[{"href":"https:\/\/dev.obdwelt.de\/en\/wp-json\/wp\/v2\/product"}],"about":[{"href":"https:\/\/dev.obdwelt.de\/en\/wp-json\/wp\/v2\/types\/product"}],"replies":[{"embeddable":true,"href":"https:\/\/dev.obdwelt.de\/en\/wp-json\/wp\/v2\/comments?post=4703"}],"wp:featuredmedia":[{"embeddable":true,"href":"https:\/\/dev.obdwelt.de\/en\/wp-json\/wp\/v2\/media\/2984"}],"wp:attachment":[{"href":"https:\/\/dev.obdwelt.de\/en\/wp-json\/wp\/v2\/media?parent=4703"}],"wp:term":[{"taxonomy":"product_brand","embeddable":true,"href":"https:\/\/dev.obdwelt.de\/en\/wp-json\/wp\/v2\/product_brand?post=4703"},{"taxonomy":"product_cat","embeddable":true,"href":"https:\/\/dev.obdwelt.de\/en\/wp-json\/wp\/v2\/product_cat?post=4703"},{"taxonomy":"product_tag","embeddable":true,"href":"https:\/\/dev.obdwelt.de\/en\/wp-json\/wp\/v2\/product_tag?post=4703"}],"curies":[{"name":"wp","href":"https:\/\/api.w.org\/{rel}","templated":true}]}}