{"id":4691,"date":"2025-03-15T00:29:35","date_gmt":"2025-03-15T00:29:35","guid":{"rendered":"https:\/\/dev.obdwelt.de\/?post_type=product&#038;p=4691"},"modified":"2025-07-04T13:01:12","modified_gmt":"2025-07-04T13:01:12","slug":"sprache-umstellen-sprachupdate-fuer-autel-otofix","status":"publish","type":"product","link":"https:\/\/dev.obdwelt.de\/en\/produkt\/sprache-umstellen-sprachupdate-fuer-autel-otofix\/","title":{"rendered":"Sprache umstellen \/ Sprachupdate f\u00fcr Autel, Otofix"},"content":{"rendered":"<h1>Sprachupdate f\u00fcr Autel TS601,MK808, MK808TS, MP808, MP808TS, OtoFix und viele andere Autel Ger\u00e4te auf anfrage.<\/h1>\n<p>Nach dem Kauf und der Bezahlung nehmen wir Kontakt mit Ihnen auf.<\/p>\n<p>Wir ben\u00f6tigen die Seriennummer des Ger\u00e4tes und die Sprache, die Sie haben m\u00f6chten.<\/p>\n<p>&nbsp;<\/p>\n<p>M\u00f6gliche Sprachen:<\/p>\n<p>Englisch, Franz\u00f6sisch, Deutsch, Spanisch, Portugiesisch, Dutch (Holl\u00e4ndisch), Polnisch, Schwedisch, koreanische, Italienisch, Japanisch, Russisch<\/p>\n<p>&nbsp;<\/p>\n<p>Dies funktioniert nur bei diesen Ger\u00e4ten<\/p>\n<p>Autel TS 601, MK808, MK808TS, MP808, MP808TS<\/p>\n<p>OtoFix<\/p>\n<p>&nbsp;<\/p>\n<p>Falls Sie ein anderes Ger\u00e4t haben, bitten wir Sie uns zu kontaktieren.<\/p>\n<p>&nbsp;<\/p>\n<p><strong>Alle Ger\u00e4te sind nach dem Update in der deutschen Sprache, dennoch kann es vorkommen, dass manche Funktionen in Englisch angezeigt werden.<\/strong><\/p>\n","protected":false},"excerpt":{"rendered":"<p>Sprachupdate f\u00fcr Autel TS601,MK808, MK808TS, MP808, MP808TS, OtoFix und viele andere Autel Ger\u00e4te auf anfrage. Nach dem Kauf und der Bezahlung nehmen wir Kontakt mit Ihnen auf. Wir ben\u00f6tigen die Seriennummer des Ger\u00e4tes und die Sprache, die Sie haben m\u00f6chten. &nbsp; M\u00f6gliche Sprachen: Englisch, Franz\u00f6sisch, Deutsch, Spanisch, Portugiesisch, Dutch (Holl\u00e4ndisch), Polnisch, Schwedisch, koreanische, Italienisch, Japanisch, [&hellip;]<\/p>\n","protected":false},"featured_media":2906,"comment_status":"open","ping_status":"closed","template":"","meta":[],"product_brand":[294,389],"product_cat":[332,388],"product_tag":[],"class_list":{"0":"post-4691","1":"product","2":"type-product","3":"status-publish","4":"has-post-thumbnail","6":"product_brand-autel","7":"product_brand-otofix","8":"product_cat-a-update-autel","9":"product_cat-a-uodate-otofix","11":"first","12":"instock","13":"virtual","14":"purchasable","15":"product-type-simple"},"_links":{"self":[{"href":"https:\/\/dev.obdwelt.de\/en\/wp-json\/wp\/v2\/product\/4691","targetHints":{"allow":["GET"]}}],"collection":[{"href":"https:\/\/dev.obdwelt.de\/en\/wp-json\/wp\/v2\/product"}],"about":[{"href":"https:\/\/dev.obdwelt.de\/en\/wp-json\/wp\/v2\/types\/product"}],"replies":[{"embeddable":true,"href":"https:\/\/dev.obdwelt.de\/en\/wp-json\/wp\/v2\/comments?post=4691"}],"wp:featuredmedia":[{"embeddable":true,"href":"https:\/\/dev.obdwelt.de\/en\/wp-json\/wp\/v2\/media\/2906"}],"wp:attachment":[{"href":"https:\/\/dev.obdwelt.de\/en\/wp-json\/wp\/v2\/media?parent=4691"}],"wp:term":[{"taxonomy":"product_brand","embeddable":true,"href":"https:\/\/dev.obdwelt.de\/en\/wp-json\/wp\/v2\/product_brand?post=4691"},{"taxonomy":"product_cat","embeddable":true,"href":"https:\/\/dev.obdwelt.de\/en\/wp-json\/wp\/v2\/product_cat?post=4691"},{"taxonomy":"product_tag","embeddable":true,"href":"https:\/\/dev.obdwelt.de\/en\/wp-json\/wp\/v2\/product_tag?post=4691"}],"curies":[{"name":"wp","href":"https:\/\/api.w.org\/{rel}","templated":true}]}}