{"id":4678,"date":"2025-03-15T00:29:33","date_gmt":"2025-03-15T00:29:33","guid":{"rendered":"https:\/\/dev.obdwelt.de\/?post_type=product&#038;p=4678"},"modified":"2025-07-04T12:45:50","modified_gmt":"2025-07-04T12:45:50","slug":"neu-autel-mk808sts-2023-diagnosegeraet","status":"publish","type":"product","link":"https:\/\/dev.obdwelt.de\/en\/produkt\/neu-autel-mk808sts-2023-diagnosegeraet\/","title":{"rendered":"NEU! Autel MK808STS 2023 Diagnoseger\u00e4t"},"content":{"rendered":"<h1><strong>Autel MK808STS<\/strong><\/h1>\n<h3><strong><u>Dieses Ger\u00e4t hat 1 Jahr kostenlose Updates und 1 Jahr Garantie<\/u><\/strong><\/h3>\n<p><strong>Videoanleitung ersteinrichtung<\/strong><\/p>\n<p><a href=\"https:\/\/www.youtube.com\/watch?v=ocL5V2SYuO4&amp;t=687s\">https:\/\/www.youtube.com\/watch?v=ocL5V2SYuO4&amp;t=687s<\/a><\/p>\n<p>&nbsp;<\/p>\n<p>Der Autel MK808STS bietet die gleichen Merkmale und Funktionen wie der MK808S.<\/p>\n<p>Au\u00dferdem bietet das Diagnoseger\u00e4t die gleichen Eigenschaften und Funktionen wie der TS608.<\/p>\n<ul>\n<li>TPMS-Funktion zur Durchf\u00fchrung von TPMS-Sensorpr\u00fcfungen<\/li>\n<li>TPMS-Neulernen und Sensorprogrammierungen f\u00fcr alle bekannten OEM- \/ Universal-TPMS-Sensoren.<\/li>\n<\/ul>\n<ul>\n<li>Sensoren aktivieren<\/li>\n<li>Daten abrufen<\/li>\n<li>Autel MX-Sensoren klonen und programmieren<\/li>\n<\/ul>\n<p>&nbsp;<\/p>\n<h3><strong>Der Autel MK808 STS unterst\u00fctzt folgende Fahrzeugtypen<\/strong><\/h3>\n<p>Tesla, Saturn, Pontiac, Merkur, Lincoln, Jeep, Hummer, GMC, Ford, Ausweichen, Chrysler, Chevrolet, Cadillac, Buick, VW, Volvo, Kluger, Skoda, Saab, Rolls-Royce, Renault, Porsche, Peugeot, Opel, Mini, Maybach, Maserati, Lotus, Gel\u00e4ndewagen, Lancia, Lamborghini, Jaguar, HSV, Fiat, Ferrari, Dacia, Citro\u00ebn, BMW, Benz, Bentley, Audi, Aston Martin, Alpina, Alfaromeo, Abarth, Toyota, Suzuki, Subaru, Ssangyong, Spross, Nissan, Mitsubishi, Mazda, Lexus, Kia, Isuzu, Infiniti, Hyundai, Honda, Holden, Daewoo, Acura.<\/p>\n<p>&nbsp;<\/p>\n<p><strong> Sprachen <\/strong><\/p>\n<p>Deutsch. Englisch, Chinesisch (traditionell), Spanisch und Franz\u00f6sisch.<\/p>\n<p>&nbsp;<\/p>\n<h3><strong>TPMS-Funktionen<\/strong><\/h3>\n<p><strong>TPMS-Pr\u00fcfung<\/strong><\/p>\n<p>Mit der Pr\u00fcffunktion k\u00f6nnen Benutzer TPMS-Sensoren aktivieren, um Sensordaten anzuzeigen &#8211; Sensor-ID, Reifendruck, Reifentemperatur, Batteriezustand und Sensorposition.<\/p>\n<p><strong>TPMS-Diagnose<\/strong><\/p>\n<p>Mit der Diagnosefunktion wird der Status des TPMS-Systems \u00fcberpr\u00fcft. Diese Funktion setzt eine Verbindung zum Pr\u00fcffahrzeug voraus.<\/p>\n<p><strong>Sensorprogrammierung<\/strong><\/p>\n<p>Mit der Programmierfunktion k\u00f6nnen Benutzer die Sensordaten auf den MX-Sensor programmieren und den fehlerhaften Sensor durch einen Sensor mit geringer Batterielebensdauer oder einen Sensor ersetzen, der nicht funktioniert.<\/p>\n<h3><strong><br \/>\n<\/strong><strong>Reset Funktionen<\/strong><\/h3>\n<ul>\n<li><strong>\u00d6lr\u00fcckstellung \u2013 <\/strong> Setzen Sie das \u00d6llebensdauersystem zur\u00fcck und schalten Sie die \u00d6lanzeige nach dem \u00d6l- oder \u00d6lfilterwechsel aus.<\/li>\n<li><strong>EPB \u2013 <\/strong> Zur\u00fccksetzen des Bremsbelags nach Austausch des Bremsbelags, des Servomotors usw., Deaktivieren\/Aktivieren des Bremssteuersystems, Unterst\u00fctzung bei der Bremsfl\u00fcssigkeitskontrolle, \u00d6ffnen und Schlie\u00dfen von Bremsbel\u00e4gen usw.<\/li>\n<li><strong>BMS &#8211; <\/strong> Setzen Sie die \u00dcberwachungseinheit der Autobatterie zur\u00fcck, nachdem Sie die Batterie oder Batterie\u00fcberwachungssensoren ausgetauscht haben.\u3001Brake\/ABS Bleed: Entl\u00fcften Sie das Bremssystem, wenn das ABS-System Luft enth\u00e4lt, um seine Bremsempfindlichkeit wiederherzustellen.<\/li>\n<li><strong>DPF &#8211; <\/strong> Regeneration: Entfernen Sie Partikel aus dem DPF-Filter durch den kontinuierlichen Verbrennungs-Oxidationsmodus, um die Filterleistung zu stabilisieren.<\/li>\n<\/ul>\n<ul>\n<li><strong>SAS-Kalibrierung \u2013 <\/strong> kalibrieren Sie den Lenkwinkel nach dem Austausch lenkbezogener Teile.<\/li>\n<\/ul>\n<ul>\n<li><strong>IMMO Keys &#8211; <\/strong> Deaktivieren Sie die verlorenen Fahrzeugschl\u00fcssel und programmieren Sie den Ersatz-Schl\u00fcsselanh\u00e4nger.<\/li>\n<\/ul>\n<p>&nbsp;<\/p>\n<p>&nbsp;<\/p>\n<p>Das auf Android 11 basierende Tablet-Diagnosetool verbessert die Arbeitseffizienz erheblich, da der 1,5-GHz-Cortex-A9-Prozessor f\u00fcr Leistung optimiert ist.<\/p>\n<p>Der ber\u00fchrbare 7-Zoll-LCD-Bildschirm mit einer Aufl\u00f6sung von 1024 * 600 bietet eine \u00e4u\u00dferst klare grafische Darstellung der Diagnosedaten und erleichtert das Navigieren und Lesen von Codes.<\/p>\n<p>1 GB RAM DDR3 \/ 32 GB On-Board-ROM-Speicher mit erweitertem Speicherplatz.<\/p>\n<p>Die eingebaute 5000-mAh-Batterie bietet eine ununterbrochene Batterielebensdauer von bis zu 7 Stunden und sorgt f\u00fcr ein sorgenfreies Betriebserlebnis.<\/p>\n<p>MaxiVCI Mini ist f\u00fcr die Verbindung zwischen Diagnosetablett und DLC f\u00fcr die drahtlose Fahrzeugdaten\u00fcbertragung \u00fcber das schnelle und zuverl\u00e4ssige Bluetooth 2.1 EDR ausgestattet, sodass Techniker sich in der Werkstatt frei bewegen k\u00f6nnen, wenn der VCI mit dem Auto verbunden ist.<\/p>\n<h3><strong>Spezifikationen<\/strong><\/h3>\n<p>Betriebssystem: Android 11<\/p>\n<p>Prozessor: Cortex-A9-Prozessor (1,5 GHz)<\/p>\n<p>Speicher: 32 GB<\/p>\n<p>Display: Kapazitiver 7-Zoll-LCD-Touchscreen mit einer Aufl\u00f6sung von 1024 x 600<\/p>\n<p>Konnektivit\u00e4t: Mini-USB 2.0 \/ USB 2.0 \/ WLAN \/ Bluetooth 2.1 EDR \/ HDMI Typ A \/ Micro SD-Karte (unterst\u00fctzt bis zu 32 GB)<\/p>\n<h3><strong>Lieferumfang<\/strong><\/h3>\n<p>1 * USB-Kabel (zum Aufladen)<\/p>\n<p>1 * USB-Kabel (zum Testen)<\/p>\n<p>1 * MaxiVCI Mini<\/p>\n<p>1 * Externes USB-Netzteil<\/p>\n<p>1 * Benutzerhandbuch<\/p>\n<p>1 * Kurzanleitung<\/p>\n<p>1 * Tragetasche<\/p>\n<p>1 * MK808STS Diagnoseger\u00e4t<\/p>\n<p>&nbsp;<\/p>\n<p><strong>Fahrzeugabdeckung<\/strong><\/p>\n<p><a href=\"https:\/\/autel.com\/vehicle-coverage\/coverage2\">https:\/\/autel.com\/vehicle-coverage\/coverage2<\/a><\/p>\n<p><strong>\u00a0<\/strong><\/p>\n<p>&nbsp;<\/p>\n","protected":false},"excerpt":{"rendered":"<p>Autel MK808STS Dieses Ger\u00e4t hat 1 Jahr kostenlose Updates und 1 Jahr Garantie Videoanleitung ersteinrichtung https:\/\/www.youtube.com\/watch?v=ocL5V2SYuO4&amp;t=687s &nbsp; Der Autel MK808STS bietet die gleichen Merkmale und Funktionen wie der MK808S. Au\u00dferdem bietet das Diagnoseger\u00e4t die gleichen Eigenschaften und Funktionen wie der TS608. TPMS-Funktion zur Durchf\u00fchrung von TPMS-Sensorpr\u00fcfungen TPMS-Neulernen und Sensorprogrammierungen f\u00fcr alle bekannten OEM- \/ Universal-TPMS-Sensoren. [&hellip;]<\/p>\n","protected":false},"featured_media":2871,"comment_status":"open","ping_status":"closed","template":"","meta":[],"product_brand":[294],"product_cat":[331],"product_tag":[],"class_list":{"0":"post-4678","1":"product","2":"type-product","3":"status-publish","4":"has-post-thumbnail","6":"product_brand-autel","7":"product_cat-diagnosegerate-autel","9":"first","10":"instock","11":"shipping-taxable","12":"purchasable","13":"product-type-simple"},"_links":{"self":[{"href":"https:\/\/dev.obdwelt.de\/en\/wp-json\/wp\/v2\/product\/4678","targetHints":{"allow":["GET"]}}],"collection":[{"href":"https:\/\/dev.obdwelt.de\/en\/wp-json\/wp\/v2\/product"}],"about":[{"href":"https:\/\/dev.obdwelt.de\/en\/wp-json\/wp\/v2\/types\/product"}],"replies":[{"embeddable":true,"href":"https:\/\/dev.obdwelt.de\/en\/wp-json\/wp\/v2\/comments?post=4678"}],"wp:featuredmedia":[{"embeddable":true,"href":"https:\/\/dev.obdwelt.de\/en\/wp-json\/wp\/v2\/media\/2871"}],"wp:attachment":[{"href":"https:\/\/dev.obdwelt.de\/en\/wp-json\/wp\/v2\/media?parent=4678"}],"wp:term":[{"taxonomy":"product_brand","embeddable":true,"href":"https:\/\/dev.obdwelt.de\/en\/wp-json\/wp\/v2\/product_brand?post=4678"},{"taxonomy":"product_cat","embeddable":true,"href":"https:\/\/dev.obdwelt.de\/en\/wp-json\/wp\/v2\/product_cat?post=4678"},{"taxonomy":"product_tag","embeddable":true,"href":"https:\/\/dev.obdwelt.de\/en\/wp-json\/wp\/v2\/product_tag?post=4678"}],"curies":[{"name":"wp","href":"https:\/\/api.w.org\/{rel}","templated":true}]}}